{"id":1140,"date":"2022-12-13T13:08:43","date_gmt":"2022-12-13T12:08:43","guid":{"rendered":"http:\/\/51.21.55.173\/?page_id=1140"},"modified":"2025-05-16T11:07:20","modified_gmt":"2025-05-16T10:07:20","slug":"snoroser","status":"publish","type":"page","link":"https:\/\/tabularasa.no\/en\/snoroser\/","title":{"rendered":"SN\u00d8ROSER"},"content":{"rendered":"<p>Med adventskonserten \u00abSn\u00f8roser\u00bb \u00f8nsker vi \u00e5 formidle stillheten, b\u00e5de den fredelige og den \u00f8red\u00f8vende. Sn\u00f8 er kaldt, stille, skj\u00f8rt og kan raskt forsvinne. Rosen er flott og fargerik, kanskje noe vi forbinder med styrke? Vi utforsker motsetningene og \u00f8nsker \u00e5 g\u00e5 ventetiden i m\u00f8te p\u00e5 en litt ny m\u00e5te.<\/p>\n\n\n\n<figure class=\"wp-block-audio\"><audio controls src=\"https:\/\/www.tabularasa.no\/wp-content\/uploads\/2022\/12\/02-A-spotless-rose-Birkeland-mp3.mp3\"><\/audio><figcaption class=\"wp-element-caption\">A Spotless Rose (Howells), liveopptak fra Birkeland kirke 2022<\/figcaption><\/figure>\n\n\n\n<blockquote class=\"wp-block-quote is-layout-flow wp-block-quote-is-layout-flow\">\n<p>Eg gjekk ut fr\u00e5 denne konserten med ei stor indre glede. Ensemblet hadde klart \u00e5 setja publikum i ei rein og&nbsp;roleg adventsstemning, absolutt fri for materielt stress, som me elles har nok av i tida f\u00f8r jul. Konserten vil sitja i minnet for all tid.<\/p>\n<cite>Knut Vaage <\/cite><\/blockquote>\n\n\n\n<figure class=\"wp-block-image size-large\"><img loading=\"lazy\" decoding=\"async\" width=\"723\" height=\"1024\" src=\"https:\/\/www.tabularasa.no\/wp-content\/uploads\/2024\/11\/Skjermbilde-2024-11-10-kl.-22.30.46-723x1024.png\" alt=\"\" class=\"wp-image-1402\" srcset=\"https:\/\/tabularasa.no\/wp-content\/uploads\/2024\/11\/Skjermbilde-2024-11-10-kl.-22.30.46-723x1024.png 723w, https:\/\/tabularasa.no\/wp-content\/uploads\/2024\/11\/Skjermbilde-2024-11-10-kl.-22.30.46-212x300.png 212w, https:\/\/tabularasa.no\/wp-content\/uploads\/2024\/11\/Skjermbilde-2024-11-10-kl.-22.30.46-768x1088.png 768w, https:\/\/tabularasa.no\/wp-content\/uploads\/2024\/11\/Skjermbilde-2024-11-10-kl.-22.30.46-1084x1536.png 1084w, https:\/\/tabularasa.no\/wp-content\/uploads\/2024\/11\/Skjermbilde-2024-11-10-kl.-22.30.46-8x12.png 8w, https:\/\/tabularasa.no\/wp-content\/uploads\/2024\/11\/Skjermbilde-2024-11-10-kl.-22.30.46.png 1258w\" sizes=\"auto, (max-width: 723px) 100vw, 723px\" \/><\/figure>\n\n\n\n<figure class=\"wp-block-image size-large\"><img loading=\"lazy\" decoding=\"async\" width=\"1024\" height=\"723\" src=\"https:\/\/www.tabularasa.no\/wp-content\/uploads\/2022\/11\/Plakat-FB-4-1024x723.png\" alt=\"\" class=\"wp-image-1120\" srcset=\"https:\/\/tabularasa.no\/wp-content\/uploads\/2022\/11\/Plakat-FB-4-1024x723.png 1024w, https:\/\/tabularasa.no\/wp-content\/uploads\/2022\/11\/Plakat-FB-4-300x212.png 300w, https:\/\/tabularasa.no\/wp-content\/uploads\/2022\/11\/Plakat-FB-4-768x542.png 768w, https:\/\/tabularasa.no\/wp-content\/uploads\/2022\/11\/Plakat-FB-4-1536x1084.png 1536w, https:\/\/tabularasa.no\/wp-content\/uploads\/2022\/11\/Plakat-FB-4-2048x1445.png 2048w, https:\/\/tabularasa.no\/wp-content\/uploads\/2022\/11\/Plakat-FB-4-16x12.png 16w\" sizes=\"auto, (max-width: 1024px) 100vw, 1024px\" \/><\/figure>","protected":false},"excerpt":{"rendered":"<p>Med adventskonserten \u00abSn\u00f8roser\u00bb \u00f8nsker vi \u00e5 formidle stillheten, b\u00e5de den fredelige og den \u00f8red\u00f8vende. Sn\u00f8 er kaldt, stille, skj\u00f8rt og kan raskt forsvinne. Rosen er flott og fargerik, kanskje noe vi forbinder med styrke? Vi utforsker motsetningene og \u00f8nsker \u00e5 g\u00e5 ventetiden i m\u00f8te p\u00e5 &hellip; <a href=\"https:\/\/tabularasa.no\/en\/snoroser\/\" class=\"more-link\"><span>Continue reading<span class=\"screen-reader-text\">SN\u00d8ROSER<\/span><\/span><\/a><\/p>","protected":false},"author":3,"featured_media":0,"parent":0,"menu_order":0,"comment_status":"closed","ping_status":"closed","template":"","meta":{"_monsterinsights_skip_tracking":false,"_monsterinsights_sitenote_active":false,"_monsterinsights_sitenote_note":"","_monsterinsights_sitenote_category":0,"footnotes":""},"class_list":["post-1140","page","type-page","status-publish","hentry"],"aioseo_notices":[],"_links":{"self":[{"href":"https:\/\/tabularasa.no\/en\/wp-json\/wp\/v2\/pages\/1140","targetHints":{"allow":["GET"]}}],"collection":[{"href":"https:\/\/tabularasa.no\/en\/wp-json\/wp\/v2\/pages"}],"about":[{"href":"https:\/\/tabularasa.no\/en\/wp-json\/wp\/v2\/types\/page"}],"author":[{"embeddable":true,"href":"https:\/\/tabularasa.no\/en\/wp-json\/wp\/v2\/users\/3"}],"replies":[{"embeddable":true,"href":"https:\/\/tabularasa.no\/en\/wp-json\/wp\/v2\/comments?post=1140"}],"version-history":[{"count":14,"href":"https:\/\/tabularasa.no\/en\/wp-json\/wp\/v2\/pages\/1140\/revisions"}],"predecessor-version":[{"id":1476,"href":"https:\/\/tabularasa.no\/en\/wp-json\/wp\/v2\/pages\/1140\/revisions\/1476"}],"wp:attachment":[{"href":"https:\/\/tabularasa.no\/en\/wp-json\/wp\/v2\/media?parent=1140"}],"curies":[{"name":"wp","href":"https:\/\/api.w.org\/{rel}","templated":true}]}}