{"id":1168,"date":"2023-03-10T09:41:53","date_gmt":"2023-03-10T08:41:53","guid":{"rendered":"http:\/\/51.21.55.173\/?page_id=1168"},"modified":"2023-03-23T16:12:46","modified_gmt":"2023-03-23T15:12:46","slug":"en-psykedelisk-mash-up-av-tragedier-og-intellektuelle-barbarer","status":"publish","type":"page","link":"https:\/\/tabularasa.no\/en\/en-psykedelisk-mash-up-av-tragedier-og-intellektuelle-barbarer\/","title":{"rendered":"THE DISORDER OF DESIRE"},"content":{"rendered":"<p>En psykedelisk mash up av tragedier og intellektuelle barbarer<\/p>\n\n\n\n<figure class=\"wp-block-image\"><img decoding=\"async\" src=\"https:\/\/static.wixstatic.com\/media\/b1ab4a_5342e684a5b44a7e8c4181bb2338cd60~mv2.jpg\/v1\/crop\/x_38,y_0,w_12625,h_6646\/fill\/w_2006,h_1056,al_c,q_90,usm_0.66_1.00_0.01,enc_auto\/10%20-%20DISORDER%20ny.jpg\" alt=\"10 - DISORDER ny.jpg\"\/><\/figure>\n\n\n\n<p>THE DISORDER OF DESIRE er en kr\u00e6sjfest av ulike tragedier, komedier, mytiske figurer, guder, nonner, permakulturister og intellektuelle barbarer. Runa Skolseg og Fredrik Floen g\u00e5r l\u00f8s p\u00e5 forskjellige mytologier som en form \u00e5 teste politikk og ideologier sitt potensial for \u00e5 forestille seg en annen verden.<\/p>\n\n\n\n<p>Friedrich Schiller kalte i sin tid tragedien en utdannelse i sensibilitet. I lesningen av tragedien l\u00e6rer vi oss \u00e5 sette pris p\u00e5 usikkerheten av eksistensen. Mange vil hevde at enhver generasjon har et ansvar for \u00e5 formidle noe av det ukjente fra fortiden som p\u00e5 en eller annen m\u00e5te snakker til fremtiden og arresterer oss fra bl\u00e5\u00f8yde forestillinger om kommende tider. Aristoteles mente tragedien var en imitasjon av handling, men hva han mente med handling er utydelig; karakterene i stykkene er gjerne desorienterte av situasjonen de finner seg selv i. De vet ikke hvordan de skal handle og tvinger seg til \u00e5 f\u00f8lge en sti av lidelse som tillater dem \u00e5 stille sp\u00f8rsm\u00e5l som ikke har noen enkle svar.<\/p>\n\n\n\n<p>THE DISORDER OF DESIRE er et arbeid som beveger seg mellom teater, det koreografiske, fashion, poesi, film og opera. Det skaper ikke n\u00f8dvendigvis en helhet eller er s\u00e6rlig pedagogisk, men viser en kaotisk og &nbsp;mangefarget verden der vi mennesker ikke bare er subjekter, men aktive skapere og transformatorer av tilv\u00e6relsen.\u200b<\/p>\n\n\n\n<div class=\"wp-block-jetpack-slideshow aligncenter\" data-autoplay=\"true\" data-delay=\"4\" data-effect=\"slide\"><div class=\"wp-block-jetpack-slideshow_container swiper-container\"><ul class=\"wp-block-jetpack-slideshow_swiper-wrapper swiper-wrapper\"><li class=\"wp-block-jetpack-slideshow_slide swiper-slide\"><figure><img loading=\"lazy\" decoding=\"async\" width=\"1024\" height=\"683\" alt=\"\" class=\"wp-block-jetpack-slideshow_image wp-image-1171\" data-id=\"1171\" src=\"http:\/\/51.21.55.173\/wp-content\/uploads\/2023\/03\/SynneSBBoenes_27-TheDisorderofDesire-7405272-1024x683.jpg\" srcset=\"https:\/\/tabularasa.no\/wp-content\/uploads\/2023\/03\/SynneSBBoenes_27-TheDisorderofDesire-7405272-1024x683.jpg 1024w, https:\/\/tabularasa.no\/wp-content\/uploads\/2023\/03\/SynneSBBoenes_27-TheDisorderofDesire-7405272-300x200.jpg 300w, https:\/\/tabularasa.no\/wp-content\/uploads\/2023\/03\/SynneSBBoenes_27-TheDisorderofDesire-7405272-768x512.jpg 768w, https:\/\/tabularasa.no\/wp-content\/uploads\/2023\/03\/SynneSBBoenes_27-TheDisorderofDesire-7405272-1536x1024.jpg 1536w, https:\/\/tabularasa.no\/wp-content\/uploads\/2023\/03\/SynneSBBoenes_27-TheDisorderofDesire-7405272-16x12.jpg 16w, https:\/\/tabularasa.no\/wp-content\/uploads\/2023\/03\/SynneSBBoenes_27-TheDisorderofDesire-7405272.jpg 1600w\" sizes=\"auto, (max-width: 1024px) 100vw, 1024px\" \/><figcaption class=\"wp-block-jetpack-slideshow_caption gallery-caption\">Foto: Synne S B Bones<\/figcaption><\/figure><\/li><li class=\"wp-block-jetpack-slideshow_slide swiper-slide\"><figure><img loading=\"lazy\" decoding=\"async\" width=\"1024\" height=\"683\" alt=\"\" class=\"wp-block-jetpack-slideshow_image wp-image-1170\" data-id=\"1170\" src=\"http:\/\/51.21.55.173\/wp-content\/uploads\/2023\/03\/SynneSBBoenes_27-TheDisorderofDesire-04555-1024x683.jpg\" srcset=\"https:\/\/tabularasa.no\/wp-content\/uploads\/2023\/03\/SynneSBBoenes_27-TheDisorderofDesire-04555-1024x683.jpg 1024w, https:\/\/tabularasa.no\/wp-content\/uploads\/2023\/03\/SynneSBBoenes_27-TheDisorderofDesire-04555-300x200.jpg 300w, https:\/\/tabularasa.no\/wp-content\/uploads\/2023\/03\/SynneSBBoenes_27-TheDisorderofDesire-04555-768x512.jpg 768w, https:\/\/tabularasa.no\/wp-content\/uploads\/2023\/03\/SynneSBBoenes_27-TheDisorderofDesire-04555-1536x1024.jpg 1536w, https:\/\/tabularasa.no\/wp-content\/uploads\/2023\/03\/SynneSBBoenes_27-TheDisorderofDesire-04555-16x12.jpg 16w, https:\/\/tabularasa.no\/wp-content\/uploads\/2023\/03\/SynneSBBoenes_27-TheDisorderofDesire-04555.jpg 1600w\" sizes=\"auto, (max-width: 1024px) 100vw, 1024px\" \/><figcaption class=\"wp-block-jetpack-slideshow_caption gallery-caption\">Foto: Synne S B Bones<\/figcaption><\/figure><\/li><li class=\"wp-block-jetpack-slideshow_slide swiper-slide\"><figure><img loading=\"lazy\" decoding=\"async\" width=\"1024\" height=\"683\" alt=\"\" class=\"wp-block-jetpack-slideshow_image wp-image-1169\" data-id=\"1169\" src=\"http:\/\/51.21.55.173\/wp-content\/uploads\/2023\/03\/SynneSBBoenes_27-TheDisorderofDesire-04450-1024x683.jpg\" srcset=\"https:\/\/tabularasa.no\/wp-content\/uploads\/2023\/03\/SynneSBBoenes_27-TheDisorderofDesire-04450-1024x683.jpg 1024w, https:\/\/tabularasa.no\/wp-content\/uploads\/2023\/03\/SynneSBBoenes_27-TheDisorderofDesire-04450-300x200.jpg 300w, https:\/\/tabularasa.no\/wp-content\/uploads\/2023\/03\/SynneSBBoenes_27-TheDisorderofDesire-04450-768x512.jpg 768w, https:\/\/tabularasa.no\/wp-content\/uploads\/2023\/03\/SynneSBBoenes_27-TheDisorderofDesire-04450-1536x1024.jpg 1536w, https:\/\/tabularasa.no\/wp-content\/uploads\/2023\/03\/SynneSBBoenes_27-TheDisorderofDesire-04450-16x12.jpg 16w, https:\/\/tabularasa.no\/wp-content\/uploads\/2023\/03\/SynneSBBoenes_27-TheDisorderofDesire-04450.jpg 1600w\" sizes=\"auto, (max-width: 1024px) 100vw, 1024px\" \/><figcaption class=\"wp-block-jetpack-slideshow_caption gallery-caption\">Foto: Synne S B Bones<\/figcaption><\/figure><\/li><\/ul><a class=\"wp-block-jetpack-slideshow_button-prev swiper-button-prev swiper-button-white\" role=\"button\"><\/a><a class=\"wp-block-jetpack-slideshow_button-next swiper-button-next swiper-button-white\" role=\"button\"><\/a><a aria-label=\"Pause Slideshow\" class=\"wp-block-jetpack-slideshow_button-pause\" role=\"button\"><\/a><div class=\"wp-block-jetpack-slideshow_pagination swiper-pagination swiper-pagination-white\"><\/div><\/div><\/div>\n\n\n\n<p>ARBEIDSVISNING<\/p>\n\n\n\n<p><strong>Bergen Dramatikkfestival&nbsp;<\/strong><\/p>\n\n\n\n<p>27. august 2022, kl 22:00<strong>&nbsp;<\/strong><\/p>\n\n\n\n<p>Cornerteateret,&nbsp;S\u00f8ylesalen<\/p>\n\n\n\n<p>Konsept: Skolseg\/Floen<\/p>\n\n\n\n<p>Tekst: Runa Skolseg<\/p>\n\n\n\n<p>Scenografi\/kostyme: Fredrik Floen<\/p>\n\n\n\n<p>Koreograf: Alexandra Tveit<\/p>\n\n\n\n<p>Ut\u00f8vere: Rikke Lina Sorell Matthiesen, Zsuzsa Zseni, Tord Kalvenes, Arild Rohde, \u00d8rjan Hartveit og Fredrik Floen<\/p>\n\n\n\n<p>St\u00f8ttet av: Kulturr\u00e5det og Dramatikkens hus<\/p>","protected":false},"excerpt":{"rendered":"<p>En psykedelisk mash up av tragedier og intellektuelle barbarer THE DISORDER OF DESIRE er en kr\u00e6sjfest av ulike tragedier, komedier, mytiske figurer, guder, nonner, permakulturister og intellektuelle barbarer. Runa Skolseg og Fredrik Floen g\u00e5r l\u00f8s p\u00e5 forskjellige mytologier som en form \u00e5 teste politikk og &hellip; <a href=\"https:\/\/tabularasa.no\/en\/en-psykedelisk-mash-up-av-tragedier-og-intellektuelle-barbarer\/\" class=\"more-link\"><span>Continue reading<span class=\"screen-reader-text\">THE DISORDER OF DESIRE<\/span><\/span><\/a><\/p>","protected":false},"author":3,"featured_media":0,"parent":0,"menu_order":0,"comment_status":"closed","ping_status":"closed","template":"","meta":{"_monsterinsights_skip_tracking":false,"_monsterinsights_sitenote_active":false,"_monsterinsights_sitenote_note":"","_monsterinsights_sitenote_category":0,"footnotes":""},"class_list":["post-1168","page","type-page","status-publish","hentry"],"aioseo_notices":[],"_links":{"self":[{"href":"https:\/\/tabularasa.no\/en\/wp-json\/wp\/v2\/pages\/1168","targetHints":{"allow":["GET"]}}],"collection":[{"href":"https:\/\/tabularasa.no\/en\/wp-json\/wp\/v2\/pages"}],"about":[{"href":"https:\/\/tabularasa.no\/en\/wp-json\/wp\/v2\/types\/page"}],"author":[{"embeddable":true,"href":"https:\/\/tabularasa.no\/en\/wp-json\/wp\/v2\/users\/3"}],"replies":[{"embeddable":true,"href":"https:\/\/tabularasa.no\/en\/wp-json\/wp\/v2\/comments?post=1168"}],"version-history":[{"count":5,"href":"https:\/\/tabularasa.no\/en\/wp-json\/wp\/v2\/pages\/1168\/revisions"}],"predecessor-version":[{"id":1213,"href":"https:\/\/tabularasa.no\/en\/wp-json\/wp\/v2\/pages\/1168\/revisions\/1213"}],"wp:attachment":[{"href":"https:\/\/tabularasa.no\/en\/wp-json\/wp\/v2\/media?parent=1168"}],"curies":[{"name":"wp","href":"https:\/\/api.w.org\/{rel}","templated":true}]}}