{"id":1173,"date":"2023-03-10T12:32:30","date_gmt":"2023-03-10T11:32:30","guid":{"rendered":"http:\/\/51.21.55.173\/?page_id=1173"},"modified":"2025-05-16T10:06:23","modified_gmt":"2025-05-16T09:06:23","slug":"versificator","status":"publish","type":"page","link":"https:\/\/tabularasa.no\/en\/versificator\/","title":{"rendered":"VERSIFICATOR"},"content":{"rendered":"<figure class=\"wp-block-embed is-type-video is-provider-youtube wp-block-embed-youtube wp-embed-aspect-16-9 wp-has-aspect-ratio\"><div class=\"wp-block-embed__wrapper\">\n<iframe loading=\"lazy\" title=\"Versificator (render 3)\" width=\"756\" height=\"425\" src=\"https:\/\/www.youtube.com\/embed\/40d1EO1EFn4?feature=oembed\" frameborder=\"0\" allow=\"accelerometer; autoplay; clipboard-write; encrypted-media; gyroscope; picture-in-picture; web-share\" referrerpolicy=\"strict-origin-when-cross-origin\" allowfullscreen><\/iframe>\n<\/div><\/figure>\n\n\n\n<p><\/p>\n\n\n\n<p>Komponist Juan Vassallo har de siste \u00e5rene utviklet en gruppe dataprogrammer i prosjektet \u00abVersificator\u00bb. Dataprogrammene er med p\u00e5 \u00e5 skape komposisjoner i form av partitur musikere kan lese og fremf\u00f8re.&nbsp;<\/p>\n\n\n\n<p>Om verket &laquo;Versificator&raquo; (Juan Sebastian Vasallo):<br>I dette verket blir George Orwells \u00abversificator\u00bb &#8211; en obskur, fiktiv enhet som genererer sanger automatisk (omtalt i romanen &laquo;1984&raquo;) \u2013 metaforisk omgjort fra \u00e5 v\u00e6re en fremmedgj\u00f8rende og kunstnerisk prek\u00e6r maskin, til et system som kan gj\u00f8re det lettere for en komponist \u00e5 utforske nye forhold mellom musikalske strukturer og lydmaterialitet.\u00a0<\/p>\n\n\n\n<p>&laquo;Versificator&raquo; genererer f\u00f8rst en tekst. Teksten h\u00f8res engelsk ut, men er uforst\u00e5elig. Lydene tilh\u00f8rer spr\u00e5ket, men settes sammen p\u00e5 en m\u00e5te som ikke former eksisterende ord. Andre deler av programmet tar utgangspunkt i teksten og oversetter den spr\u00e5klige informasjonen til musikalske elementer som toneh\u00f8yde og rytme, basert p\u00e5 visse regler. Slik er verket en unders\u00f8kelse av de strukturelle sammenhengene mellom musikk og spr\u00e5k. Vasallo ser p\u00e5 dataprogrammene som samarbeidspartnere i komposisjonsprosessen. Stykket er ikke bare komponert ved hjelp av datamaskinen, men sammen med den. Algoritmene har tatt flere valg som har betydning for det musikalske resultatet, selv om komponisten har satt sammen det endelige verket. Er det en vesentlig forskjell mellom den kreative prosessen til disse dataprogrammet og mennesket som samarbeider med dem? Er det noen grunn til \u00e5 si at maskinen ikke kan v\u00e6re kreativ?<\/p>\n\n\n\n<p>Gjennom filosofiske perspektiver p\u00e5 trans- og posthumanisme og kybernetikk, kan datamaskinens rolle som verkt\u00f8y for musikalsk komposisjon anses \u00e5 ha potensiale til \u00e5 utvide komponistens kreative prosess. Under dette premisset blir dataassistert komposisjon en prosess som skjer gjennom sammenstillingen mellom menneskelige akt\u00f8rer og teknologiske artefakter, og denne assosiasjonen kan potensielt resultere i nye, interessante og verdifulle kunstneriske verk.<\/p>\n\n\n\n<p><\/p>","protected":false},"excerpt":{"rendered":"<p>Komponist Juan Vassallo har de siste \u00e5rene utviklet en gruppe dataprogrammer i prosjektet \u00abVersificator\u00bb. Dataprogrammene er med p\u00e5 \u00e5 skape komposisjoner i form av partitur musikere kan lese og fremf\u00f8re.&nbsp; Om verket &laquo;Versificator&raquo; (Juan Sebastian Vasallo):I dette verket blir George Orwells \u00abversificator\u00bb &#8211; en obskur, &hellip; <a href=\"https:\/\/tabularasa.no\/en\/versificator\/\" class=\"more-link\"><span>Continue reading<span class=\"screen-reader-text\">VERSIFICATOR<\/span><\/span><\/a><\/p>","protected":false},"author":3,"featured_media":0,"parent":0,"menu_order":0,"comment_status":"closed","ping_status":"closed","template":"","meta":{"_monsterinsights_skip_tracking":false,"_monsterinsights_sitenote_active":false,"_monsterinsights_sitenote_note":"","_monsterinsights_sitenote_category":0,"footnotes":""},"class_list":["post-1173","page","type-page","status-publish","hentry"],"aioseo_notices":[],"_links":{"self":[{"href":"https:\/\/tabularasa.no\/en\/wp-json\/wp\/v2\/pages\/1173","targetHints":{"allow":["GET"]}}],"collection":[{"href":"https:\/\/tabularasa.no\/en\/wp-json\/wp\/v2\/pages"}],"about":[{"href":"https:\/\/tabularasa.no\/en\/wp-json\/wp\/v2\/types\/page"}],"author":[{"embeddable":true,"href":"https:\/\/tabularasa.no\/en\/wp-json\/wp\/v2\/users\/3"}],"replies":[{"embeddable":true,"href":"https:\/\/tabularasa.no\/en\/wp-json\/wp\/v2\/comments?post=1173"}],"version-history":[{"count":4,"href":"https:\/\/tabularasa.no\/en\/wp-json\/wp\/v2\/pages\/1173\/revisions"}],"predecessor-version":[{"id":1455,"href":"https:\/\/tabularasa.no\/en\/wp-json\/wp\/v2\/pages\/1173\/revisions\/1455"}],"wp:attachment":[{"href":"https:\/\/tabularasa.no\/en\/wp-json\/wp\/v2\/media?parent=1173"}],"curies":[{"name":"wp","href":"https:\/\/api.w.org\/{rel}","templated":true}]}}