{"id":1266,"date":"2023-08-25T12:40:25","date_gmt":"2023-08-25T11:40:25","guid":{"rendered":"http:\/\/51.21.55.173\/?page_id=1266"},"modified":"2025-02-22T21:16:17","modified_gmt":"2025-02-22T20:16:17","slug":"stankelbeinmusikk","status":"publish","type":"page","link":"https:\/\/tabularasa.no\/en\/stankelbeinmusikk\/","title":{"rendered":"STANKELBEINMUSIKK"},"content":{"rendered":"<p>STANKELBEINMUSIKK - newly written family show! <\/p>\n\n\n\n<p>In this show, we get to know six insects. Through the insects' eyes, and their lives and stories, we want to show different sides of community with humor and joy.&nbsp;<\/p>\n\n\n\n<p>Stankelbeinmusikk is an interdisciplinary performance with words, voices, eye-catching costumes, music and dance.<\/p>\n\n\n\n<div class=\"wp-block-jetpack-slideshow aligncenter\" data-autoplay=\"true\" data-delay=\"3\" data-effect=\"slide\"><div class=\"wp-block-jetpack-slideshow_container swiper-container\"><ul class=\"wp-block-jetpack-slideshow_swiper-wrapper swiper-wrapper\"><li class=\"wp-block-jetpack-slideshow_slide swiper-slide\"><figure><img loading=\"lazy\" decoding=\"async\" width=\"683\" height=\"1024\" alt=\"\" class=\"wp-block-jetpack-slideshow_image wp-image-1308\" data-id=\"1308\" src=\"http:\/\/51.21.55.173\/wp-content\/uploads\/2023\/11\/1--683x1024.jpeg\" srcset=\"https:\/\/tabularasa.no\/wp-content\/uploads\/2023\/11\/1--683x1024.jpeg 683w, https:\/\/tabularasa.no\/wp-content\/uploads\/2023\/11\/1--200x300.jpeg 200w, https:\/\/tabularasa.no\/wp-content\/uploads\/2023\/11\/1--768x1152.jpeg 768w, https:\/\/tabularasa.no\/wp-content\/uploads\/2023\/11\/1--1024x1536.jpeg 1024w, https:\/\/tabularasa.no\/wp-content\/uploads\/2023\/11\/1--1366x2048.jpeg 1366w, https:\/\/tabularasa.no\/wp-content\/uploads\/2023\/11\/1--8x12.jpeg 8w, https:\/\/tabularasa.no\/wp-content\/uploads\/2023\/11\/1-.jpeg 1667w\" sizes=\"auto, (max-width: 683px) 100vw, 683px\" \/><figcaption class=\"wp-block-jetpack-slideshow_caption gallery-caption\">Foto: \u00c5sane kulturhus<\/figcaption><\/figure><\/li><li class=\"wp-block-jetpack-slideshow_slide swiper-slide\"><figure><img loading=\"lazy\" decoding=\"async\" width=\"1024\" height=\"683\" alt=\"\" class=\"wp-block-jetpack-slideshow_image wp-image-1310\" data-id=\"1310\" src=\"http:\/\/51.21.55.173\/wp-content\/uploads\/2023\/11\/1-06319-1024x683.jpeg\" srcset=\"https:\/\/tabularasa.no\/wp-content\/uploads\/2023\/11\/1-06319-1024x683.jpeg 1024w, https:\/\/tabularasa.no\/wp-content\/uploads\/2023\/11\/1-06319-300x200.jpeg 300w, https:\/\/tabularasa.no\/wp-content\/uploads\/2023\/11\/1-06319-768x512.jpeg 768w, https:\/\/tabularasa.no\/wp-content\/uploads\/2023\/11\/1-06319-1536x1024.jpeg 1536w, https:\/\/tabularasa.no\/wp-content\/uploads\/2023\/11\/1-06319-2048x1366.jpeg 2048w, https:\/\/tabularasa.no\/wp-content\/uploads\/2023\/11\/1-06319-16x12.jpeg 16w\" sizes=\"auto, (max-width: 1024px) 100vw, 1024px\" \/><figcaption class=\"wp-block-jetpack-slideshow_caption gallery-caption\">Foto: \u00c5sane kulturhus<\/figcaption><\/figure><\/li><li class=\"wp-block-jetpack-slideshow_slide swiper-slide\"><figure><img loading=\"lazy\" decoding=\"async\" width=\"1024\" height=\"683\" alt=\"\" class=\"wp-block-jetpack-slideshow_image wp-image-1306\" data-id=\"1306\" src=\"http:\/\/51.21.55.173\/wp-content\/uploads\/2023\/11\/1-06333-1024x683.jpeg\" srcset=\"https:\/\/tabularasa.no\/wp-content\/uploads\/2023\/11\/1-06333-1024x683.jpeg 1024w, https:\/\/tabularasa.no\/wp-content\/uploads\/2023\/11\/1-06333-300x200.jpeg 300w, https:\/\/tabularasa.no\/wp-content\/uploads\/2023\/11\/1-06333-768x512.jpeg 768w, https:\/\/tabularasa.no\/wp-content\/uploads\/2023\/11\/1-06333-1536x1024.jpeg 1536w, https:\/\/tabularasa.no\/wp-content\/uploads\/2023\/11\/1-06333-2048x1366.jpeg 2048w, https:\/\/tabularasa.no\/wp-content\/uploads\/2023\/11\/1-06333-16x12.jpeg 16w\" sizes=\"auto, (max-width: 1024px) 100vw, 1024px\" \/><figcaption class=\"wp-block-jetpack-slideshow_caption gallery-caption\">Foto: \u00c5sane kulturhus<\/figcaption><\/figure><\/li><li class=\"wp-block-jetpack-slideshow_slide swiper-slide\"><figure><img loading=\"lazy\" decoding=\"async\" width=\"1024\" height=\"683\" alt=\"\" class=\"wp-block-jetpack-slideshow_image wp-image-1309\" data-id=\"1309\" src=\"http:\/\/51.21.55.173\/wp-content\/uploads\/2023\/11\/1-06299-1024x683.jpeg\" srcset=\"https:\/\/tabularasa.no\/wp-content\/uploads\/2023\/11\/1-06299-1024x683.jpeg 1024w, https:\/\/tabularasa.no\/wp-content\/uploads\/2023\/11\/1-06299-300x200.jpeg 300w, https:\/\/tabularasa.no\/wp-content\/uploads\/2023\/11\/1-06299-768x512.jpeg 768w, https:\/\/tabularasa.no\/wp-content\/uploads\/2023\/11\/1-06299-1536x1024.jpeg 1536w, https:\/\/tabularasa.no\/wp-content\/uploads\/2023\/11\/1-06299-2048x1366.jpeg 2048w, https:\/\/tabularasa.no\/wp-content\/uploads\/2023\/11\/1-06299-16x12.jpeg 16w\" sizes=\"auto, (max-width: 1024px) 100vw, 1024px\" \/><figcaption class=\"wp-block-jetpack-slideshow_caption gallery-caption\">Foto: \u00c5sane kulturhus<\/figcaption><\/figure><\/li><li class=\"wp-block-jetpack-slideshow_slide swiper-slide\"><figure><img loading=\"lazy\" decoding=\"async\" width=\"1024\" height=\"683\" alt=\"\" class=\"wp-block-jetpack-slideshow_image wp-image-1311\" data-id=\"1311\" src=\"http:\/\/51.21.55.173\/wp-content\/uploads\/2023\/11\/1-4-1024x683.jpeg\" srcset=\"https:\/\/tabularasa.no\/wp-content\/uploads\/2023\/11\/1-4-1024x683.jpeg 1024w, https:\/\/tabularasa.no\/wp-content\/uploads\/2023\/11\/1-4-300x200.jpeg 300w, https:\/\/tabularasa.no\/wp-content\/uploads\/2023\/11\/1-4-768x512.jpeg 768w, https:\/\/tabularasa.no\/wp-content\/uploads\/2023\/11\/1-4-1536x1024.jpeg 1536w, https:\/\/tabularasa.no\/wp-content\/uploads\/2023\/11\/1-4-2048x1366.jpeg 2048w, https:\/\/tabularasa.no\/wp-content\/uploads\/2023\/11\/1-4-16x12.jpeg 16w\" sizes=\"auto, (max-width: 1024px) 100vw, 1024px\" \/><figcaption class=\"wp-block-jetpack-slideshow_caption gallery-caption\">Foto: \u00c5sane kulturhus<\/figcaption><\/figure><\/li><li class=\"wp-block-jetpack-slideshow_slide swiper-slide\"><figure><img loading=\"lazy\" decoding=\"async\" width=\"1024\" height=\"683\" alt=\"\" class=\"wp-block-jetpack-slideshow_image wp-image-1312\" data-id=\"1312\" src=\"http:\/\/51.21.55.173\/wp-content\/uploads\/2023\/11\/1-06409-1024x683.jpeg\" srcset=\"https:\/\/tabularasa.no\/wp-content\/uploads\/2023\/11\/1-06409-1024x683.jpeg 1024w, https:\/\/tabularasa.no\/wp-content\/uploads\/2023\/11\/1-06409-300x200.jpeg 300w, https:\/\/tabularasa.no\/wp-content\/uploads\/2023\/11\/1-06409-768x512.jpeg 768w, https:\/\/tabularasa.no\/wp-content\/uploads\/2023\/11\/1-06409-1536x1024.jpeg 1536w, https:\/\/tabularasa.no\/wp-content\/uploads\/2023\/11\/1-06409-2048x1366.jpeg 2048w, https:\/\/tabularasa.no\/wp-content\/uploads\/2023\/11\/1-06409-16x12.jpeg 16w\" sizes=\"auto, (max-width: 1024px) 100vw, 1024px\" \/><figcaption class=\"wp-block-jetpack-slideshow_caption gallery-caption\">Foto: \u00c5sane kulturhus<\/figcaption><\/figure><\/li><li class=\"wp-block-jetpack-slideshow_slide swiper-slide\"><figure><img loading=\"lazy\" decoding=\"async\" width=\"683\" height=\"1024\" alt=\"\" class=\"wp-block-jetpack-slideshow_image wp-image-1301\" data-id=\"1301\" src=\"http:\/\/51.21.55.173\/wp-content\/uploads\/2023\/11\/1-06371-683x1024.jpeg\" srcset=\"https:\/\/tabularasa.no\/wp-content\/uploads\/2023\/11\/1-06371-683x1024.jpeg 683w, https:\/\/tabularasa.no\/wp-content\/uploads\/2023\/11\/1-06371-200x300.jpeg 200w, https:\/\/tabularasa.no\/wp-content\/uploads\/2023\/11\/1-06371-768x1152.jpeg 768w, https:\/\/tabularasa.no\/wp-content\/uploads\/2023\/11\/1-06371-1024x1536.jpeg 1024w, https:\/\/tabularasa.no\/wp-content\/uploads\/2023\/11\/1-06371-1366x2048.jpeg 1366w, https:\/\/tabularasa.no\/wp-content\/uploads\/2023\/11\/1-06371-8x12.jpeg 8w, https:\/\/tabularasa.no\/wp-content\/uploads\/2023\/11\/1-06371.jpeg 1667w\" sizes=\"auto, (max-width: 683px) 100vw, 683px\" \/><figcaption class=\"wp-block-jetpack-slideshow_caption gallery-caption\">Foto: \u00c5sane kulturhus<\/figcaption><\/figure><\/li><li class=\"wp-block-jetpack-slideshow_slide swiper-slide\"><figure><img loading=\"lazy\" decoding=\"async\" width=\"1024\" height=\"683\" alt=\"\" class=\"wp-block-jetpack-slideshow_image wp-image-1313\" data-id=\"1313\" src=\"http:\/\/51.21.55.173\/wp-content\/uploads\/2023\/11\/1-06391-1024x683.jpeg\" srcset=\"https:\/\/tabularasa.no\/wp-content\/uploads\/2023\/11\/1-06391-1024x683.jpeg 1024w, https:\/\/tabularasa.no\/wp-content\/uploads\/2023\/11\/1-06391-300x200.jpeg 300w, https:\/\/tabularasa.no\/wp-content\/uploads\/2023\/11\/1-06391-768x512.jpeg 768w, https:\/\/tabularasa.no\/wp-content\/uploads\/2023\/11\/1-06391-1536x1024.jpeg 1536w, https:\/\/tabularasa.no\/wp-content\/uploads\/2023\/11\/1-06391-2048x1366.jpeg 2048w, https:\/\/tabularasa.no\/wp-content\/uploads\/2023\/11\/1-06391-16x12.jpeg 16w\" sizes=\"auto, (max-width: 1024px) 100vw, 1024px\" \/><figcaption class=\"wp-block-jetpack-slideshow_caption gallery-caption\">Foto: \u00c5sane kulturhus<\/figcaption><\/figure><\/li><\/ul><a class=\"wp-block-jetpack-slideshow_button-prev swiper-button-prev swiper-button-white\" role=\"button\"><\/a><a class=\"wp-block-jetpack-slideshow_button-next swiper-button-next swiper-button-white\" role=\"button\"><\/a><a aria-label=\"Pause Slideshow\" class=\"wp-block-jetpack-slideshow_button-pause\" role=\"button\"><\/a><div class=\"wp-block-jetpack-slideshow_pagination swiper-pagination swiper-pagination-white\"><\/div><\/div><\/div>\n\n\n\n<p>Medvirkende:<\/p>\n\n\n\n<p>Vokalensemblet Tabula Rasa<\/p>\n\n\n\n<p>Cello: Carmen B\u00f3veda<br>Tekst: Hilde Tr\u00e6tteberg Serkland<br>Musikk: Glenn Erik Haugland<br>Koreografi: Caroline Eckly\u00a0<br>Kostymedesign: Johanna Dahlb\u00e4ck\u00a0<br>Dramaturgi: Ingrid Askvik\u00a0<\/p>\n\n\n\n<p>Takk for st\u00f8tte til Kulturr\u00e5det, Fond for Lyd og Bilde, Vestland fylke, Bergen kommune, Furestiftelsen og Komponistforeningen.&nbsp;<\/p>","protected":false},"excerpt":{"rendered":"<p>STANKELBEINMUSIKK &#8211; nyskrevet familieforestilling! I denne forestillingen blir vi kjent med seks insekter, en tordivel, en marih\u00f8ne, et vintergull\u00f8ye, en mygg, en honningbie og et stankelbein. Gjennom insektenes \u00f8yne, og deres liv og historier, vil vi med humor og glede vise ulike sider av fellesskap.&nbsp; &hellip; <a href=\"https:\/\/tabularasa.no\/en\/stankelbeinmusikk\/\" class=\"more-link\"><span>Continue reading<span class=\"screen-reader-text\">STANKELBEINMUSIKK<\/span><\/span><\/a><\/p>","protected":false},"author":3,"featured_media":1302,"parent":0,"menu_order":0,"comment_status":"closed","ping_status":"closed","template":"","meta":{"_monsterinsights_skip_tracking":false,"_monsterinsights_sitenote_active":false,"_monsterinsights_sitenote_note":"","_monsterinsights_sitenote_category":0,"footnotes":""},"class_list":["post-1266","page","type-page","status-publish","has-post-thumbnail","hentry"],"aioseo_notices":[],"_links":{"self":[{"href":"https:\/\/tabularasa.no\/en\/wp-json\/wp\/v2\/pages\/1266","targetHints":{"allow":["GET"]}}],"collection":[{"href":"https:\/\/tabularasa.no\/en\/wp-json\/wp\/v2\/pages"}],"about":[{"href":"https:\/\/tabularasa.no\/en\/wp-json\/wp\/v2\/types\/page"}],"author":[{"embeddable":true,"href":"https:\/\/tabularasa.no\/en\/wp-json\/wp\/v2\/users\/3"}],"replies":[{"embeddable":true,"href":"https:\/\/tabularasa.no\/en\/wp-json\/wp\/v2\/comments?post=1266"}],"version-history":[{"count":10,"href":"https:\/\/tabularasa.no\/en\/wp-json\/wp\/v2\/pages\/1266\/revisions"}],"predecessor-version":[{"id":1424,"href":"https:\/\/tabularasa.no\/en\/wp-json\/wp\/v2\/pages\/1266\/revisions\/1424"}],"wp:featuredmedia":[{"embeddable":true,"href":"https:\/\/tabularasa.no\/en\/wp-json\/wp\/v2\/media\/1302"}],"wp:attachment":[{"href":"https:\/\/tabularasa.no\/en\/wp-json\/wp\/v2\/media?parent=1266"}],"curies":[{"name":"wp","href":"https:\/\/api.w.org\/{rel}","templated":true}]}}