{"id":1503,"date":"2025-08-14T23:13:48","date_gmt":"2025-08-14T22:13:48","guid":{"rendered":"https:\/\/www.tabularasa.no\/?page_id=1503"},"modified":"2025-08-14T23:13:49","modified_gmt":"2025-08-14T22:13:49","slug":"delphis","status":"publish","type":"page","link":"https:\/\/tabularasa.no\/en\/delphis\/","title":{"rendered":"DELPHIS"},"content":{"rendered":"<figure class=\"wp-block-image size-large\"><img loading=\"lazy\" decoding=\"async\" width=\"1024\" height=\"1024\" src=\"https:\/\/www.tabularasa.no\/wp-content\/uploads\/2025\/08\/image-1024x1024.png\" alt=\"\" class=\"wp-image-1504\" srcset=\"https:\/\/tabularasa.no\/wp-content\/uploads\/2025\/08\/image-1024x1024.png 1024w, https:\/\/tabularasa.no\/wp-content\/uploads\/2025\/08\/image-300x300.png 300w, https:\/\/tabularasa.no\/wp-content\/uploads\/2025\/08\/image-150x150.png 150w, https:\/\/tabularasa.no\/wp-content\/uploads\/2025\/08\/image-768x768.png 768w, https:\/\/tabularasa.no\/wp-content\/uploads\/2025\/08\/image-1536x1536.png 1536w, https:\/\/tabularasa.no\/wp-content\/uploads\/2025\/08\/image-12x12.png 12w, https:\/\/tabularasa.no\/wp-content\/uploads\/2025\/08\/image-533x533.png 533w, https:\/\/tabularasa.no\/wp-content\/uploads\/2025\/08\/image-640x640.png 640w, https:\/\/tabularasa.no\/wp-content\/uploads\/2025\/08\/image-864x864.png 864w, https:\/\/tabularasa.no\/wp-content\/uploads\/2025\/08\/image.png 2048w\" sizes=\"auto, (max-width: 1024px) 100vw, 1024px\" \/><\/figure>\n\n\n\n<p>Stykket Delphis er basert p\u00e5 den homeriske hymnen til Apollon som omhandler tilblivelsen av Apollons tempel Delphis og orakelet Pythia.<\/p>\n\n\n\n<p>Tid er essensielt i mytene rundt orakelet i Delfi som var en m\u00e5te for mennesker \u00e5 ha kontakt med Apollon, en gud som kunne se i alle tidens retninger, ogs\u00e5 fremtid. Rytmen i det daktyliske heksameteret og gjendiktninger p\u00e5 ulike spr\u00e5k er sentrale motiv i komposisjon. (Erik H. Halvorsen)<\/p>\n\n\n\n<p>Morten Eides minnefond, Norsk komponistforening, Bergen kommune og Griegakademiet.<\/p>\n\n\n\n<p>Tabula Rasa:<br>Sigrun J\u00f8rdre, sopran<br>Rikke Lina Sorell Matthiesen, sopran<br>Zsuzsa Zseni, alt<br>Tord Kalvenes, tenor<br>Arild Rohde, bariton<\/p>\n\n\n\n<p>Thomas T. Dahl, gitar<\/p>\n\n\n\n<p>Mari Grue Garc\u00e9s, stemme<\/p>\n\n\n\n<p>Bruno Tagliasacchi Masia, slagverk\/perkusjon<\/p>\n\n\n\n<p>Erik H. Halvorsen, synth, elektronikk<\/p>\n\n\n\n<hr class=\"wp-block-separator has-alpha-channel-opacity\"\/>\n\n\n\n<p><a href=\"\"><\/a><\/p>","protected":false},"excerpt":{"rendered":"<p>Stykket Delphis er basert p\u00e5 den homeriske hymnen til Apollon som omhandler tilblivelsen av Apollons tempel Delphis og orakelet Pythia. Tid er essensielt i mytene rundt orakelet i Delfi som var en m\u00e5te for mennesker \u00e5 ha kontakt med Apollon, en gud som kunne se &hellip; <a href=\"https:\/\/tabularasa.no\/en\/delphis\/\" class=\"more-link\"><span>Continue reading<span class=\"screen-reader-text\">DELPHIS<\/span><\/span><\/a><\/p>","protected":false},"author":3,"featured_media":0,"parent":0,"menu_order":0,"comment_status":"closed","ping_status":"closed","template":"","meta":{"_monsterinsights_skip_tracking":false,"_monsterinsights_sitenote_active":false,"_monsterinsights_sitenote_note":"","_monsterinsights_sitenote_category":0,"footnotes":""},"class_list":["post-1503","page","type-page","status-publish","hentry"],"aioseo_notices":[],"_links":{"self":[{"href":"https:\/\/tabularasa.no\/en\/wp-json\/wp\/v2\/pages\/1503","targetHints":{"allow":["GET"]}}],"collection":[{"href":"https:\/\/tabularasa.no\/en\/wp-json\/wp\/v2\/pages"}],"about":[{"href":"https:\/\/tabularasa.no\/en\/wp-json\/wp\/v2\/types\/page"}],"author":[{"embeddable":true,"href":"https:\/\/tabularasa.no\/en\/wp-json\/wp\/v2\/users\/3"}],"replies":[{"embeddable":true,"href":"https:\/\/tabularasa.no\/en\/wp-json\/wp\/v2\/comments?post=1503"}],"version-history":[{"count":1,"href":"https:\/\/tabularasa.no\/en\/wp-json\/wp\/v2\/pages\/1503\/revisions"}],"predecessor-version":[{"id":1505,"href":"https:\/\/tabularasa.no\/en\/wp-json\/wp\/v2\/pages\/1503\/revisions\/1505"}],"wp:attachment":[{"href":"https:\/\/tabularasa.no\/en\/wp-json\/wp\/v2\/media?parent=1503"}],"curies":[{"name":"wp","href":"https:\/\/api.w.org\/{rel}","templated":true}]}}