{"id":1546,"date":"2025-12-10T12:36:29","date_gmt":"2025-12-10T11:36:29","guid":{"rendered":"https:\/\/www.tabularasa.no\/?page_id=1546"},"modified":"2025-12-14T01:29:36","modified_gmt":"2025-12-14T00:29:36","slug":"lytt","status":"publish","type":"page","link":"https:\/\/tabularasa.no\/en\/lytt\/","title":{"rendered":"LYTT"},"content":{"rendered":"<figure class=\"wp-block-image size-large\"><img loading=\"lazy\" decoding=\"async\" width=\"1024\" height=\"674\" src=\"https:\/\/www.tabularasa.no\/wp-content\/uploads\/2022\/11\/Gruppebilde-av-Tor-Nilssen-@SIGNATOR-1-1024x674.jpg\" alt=\"\" class=\"wp-image-1119\" srcset=\"https:\/\/tabularasa.no\/wp-content\/uploads\/2022\/11\/Gruppebilde-av-Tor-Nilssen-@SIGNATOR-1-1024x674.jpg 1024w, https:\/\/tabularasa.no\/wp-content\/uploads\/2022\/11\/Gruppebilde-av-Tor-Nilssen-@SIGNATOR-1-300x197.jpg 300w, https:\/\/tabularasa.no\/wp-content\/uploads\/2022\/11\/Gruppebilde-av-Tor-Nilssen-@SIGNATOR-1-768x506.jpg 768w\" sizes=\"auto, (max-width: 1024px) 100vw, 1024px\" \/><\/figure>\n\n\n\n<blockquote class=\"wp-block-quote is-layout-flow wp-block-quote-is-layout-flow\">\n<p>Eg kjem inn i konsertlokalet og finn ein plass. Hender stryk over treverk. Lyd av pust. Eg let att auga. Kjenner at min eigen pust synk heilt ned i magen. Stemmer r\u00f8rer seg rundt meg. Stig og synk i intensitet. Tek meg med p\u00e5 ei reise i mi eiga tid i mitt eige univers. Eg vurderer ikkje, eg berre er. Lydene stilner. Eg opner auga. Bruker litt tid p\u00e5 \u00e5 finne tilbake til her og no. Kjensla av \u00e5 vere ber\u00f8rt ber eg med meg ut til verda utanfor. Takk Tabula Rasa! <\/p>\n<\/blockquote>\n\n\n\n<p>Konsertserie der Tabula Rasa utforsker improvisasjon som metode og lytting som fenomen. I dagens kulturlandskap ser vi en tendens til at mye kunstnerisk uttrykk er strengt planlagt, inn\u00f8vd og repeterbart. LYTT s\u00f8ker \u00e5 utfordre dette ved \u00e5 skape en arena der b\u00e5de kunstnere og publikum m\u00e5 v\u00e6re til stede i \u00f8yeblikket, lytte, sanse og reagere. Vi ser et behov i samfunnet til \u00e5 lytte bedre til hverandre. V\u00e5rt bidrag er \u00e5 lytte til oss selv, hverandre og deg, og invitere deg til \u00e5 gj\u00f8re det samme.<\/p>\n\n\n\n<p>LYTT #1 er en improvisert konsert av og med vokalensemblet Tabula Rasa og Anders Hannevold p\u00e5 organetto (middelalder-orgel). Velkommen inn i et rom der vi lytter oss frem til ny musikk sammen. Gjennom samtaler og felles \u00f8ving har vi lyttet til hverandres musikalske id\u00e9er. P\u00e5 konserten tar vi utgangspunkt i v\u00e5r \u00f8ving og forberedelse, men f\u00f8rst og fremst skaper vi i \u00f8yeblikket. Kom og lytt med oss og bli overrasket sammen med oss. Velkommen til en spontan, n\u00e6r og uforutsigbar opplevelse!<\/p>\n\n\n\n<p>Konserten er st\u00f8ttet av Kulturr\u00e5det<\/p>\n\n\n\n<p><\/p>","protected":false},"excerpt":{"rendered":"<p>Eg kjem inn i konsertlokalet og finn ein plass. Hender stryk over treverk. Lyd av pust. Eg let att auga. Kjenner at min eigen pust synk heilt ned i magen. Stemmer r\u00f8rer seg rundt meg. Stig og synk i intensitet. Tek meg med p\u00e5 ei &hellip; <a href=\"https:\/\/tabularasa.no\/en\/lytt\/\" class=\"more-link\"><span>Continue reading<span class=\"screen-reader-text\">LYTT<\/span><\/span><\/a><\/p>","protected":false},"author":3,"featured_media":0,"parent":0,"menu_order":0,"comment_status":"closed","ping_status":"closed","template":"","meta":{"_monsterinsights_skip_tracking":false,"_monsterinsights_sitenote_active":false,"_monsterinsights_sitenote_note":"","_monsterinsights_sitenote_category":0,"footnotes":""},"class_list":["post-1546","page","type-page","status-publish","hentry"],"aioseo_notices":[],"_links":{"self":[{"href":"https:\/\/tabularasa.no\/en\/wp-json\/wp\/v2\/pages\/1546","targetHints":{"allow":["GET"]}}],"collection":[{"href":"https:\/\/tabularasa.no\/en\/wp-json\/wp\/v2\/pages"}],"about":[{"href":"https:\/\/tabularasa.no\/en\/wp-json\/wp\/v2\/types\/page"}],"author":[{"embeddable":true,"href":"https:\/\/tabularasa.no\/en\/wp-json\/wp\/v2\/users\/3"}],"replies":[{"embeddable":true,"href":"https:\/\/tabularasa.no\/en\/wp-json\/wp\/v2\/comments?post=1546"}],"version-history":[{"count":2,"href":"https:\/\/tabularasa.no\/en\/wp-json\/wp\/v2\/pages\/1546\/revisions"}],"predecessor-version":[{"id":1550,"href":"https:\/\/tabularasa.no\/en\/wp-json\/wp\/v2\/pages\/1546\/revisions\/1550"}],"wp:attachment":[{"href":"https:\/\/tabularasa.no\/en\/wp-json\/wp\/v2\/media?parent=1546"}],"curies":[{"name":"wp","href":"https:\/\/api.w.org\/{rel}","templated":true}]}}