{"id":23,"date":"2020-03-22T19:21:09","date_gmt":"2020-03-22T18:21:09","guid":{"rendered":"http:\/\/51.21.55.173\/?page_id=23"},"modified":"2025-04-04T10:41:51","modified_gmt":"2025-04-04T09:41:51","slug":"om-oss","status":"publish","type":"page","link":"https:\/\/tabularasa.no\/en\/om-oss\/","title":{"rendered":"SINGERS"},"content":{"rendered":"<div class=\"wp-block-media-text alignwide has-media-on-the-right is-stacked-on-mobile is-vertically-aligned-center\"><div class=\"wp-block-media-text__content\">\n<p class=\"has-text-align-justify\"><strong>Rikke Lina Sorell Matthiesen<\/strong> has her singing education from the Grieg Academy in Bergen, Drury University in the USA and the University of Stavanger. Rikke Lina is a versatile soprano soloist with great stage talent. She performs as a soloist with both choirs, orchestras and bands, and performs in musical and opera productions. Rikke Lina thrives well as an instructor, educator and conductor and is widely used as a voice instructor and as a singing educator for smaller ensembles, including Carte Blanche, Norway's national company for contemporary dance. <\/p>\n<\/div><figure class=\"wp-block-media-text__media\"><img loading=\"lazy\" decoding=\"async\" width=\"683\" height=\"1024\" src=\"http:\/\/51.21.55.173\/wp-content\/uploads\/2020\/10\/IMGL1323-683x1024.jpg\" alt=\"\" class=\"wp-image-511 size-full\" srcset=\"https:\/\/tabularasa.no\/wp-content\/uploads\/2020\/10\/IMGL1323-683x1024.jpg 683w, https:\/\/tabularasa.no\/wp-content\/uploads\/2020\/10\/IMGL1323-200x300.jpg 200w, https:\/\/tabularasa.no\/wp-content\/uploads\/2020\/10\/IMGL1323-768x1152.jpg 768w, https:\/\/tabularasa.no\/wp-content\/uploads\/2020\/10\/IMGL1323-1024x1536.jpg 1024w, https:\/\/tabularasa.no\/wp-content\/uploads\/2020\/10\/IMGL1323-1365x2048.jpg 1365w, https:\/\/tabularasa.no\/wp-content\/uploads\/2020\/10\/IMGL1323-scaled.jpg 1707w\" sizes=\"auto, (max-width: 683px) 100vw, 683px\" \/><\/figure><\/div>\n\n\n\n<div class=\"wp-block-media-text alignwide is-stacked-on-mobile\"><figure class=\"wp-block-media-text__media\"><img loading=\"lazy\" decoding=\"async\" width=\"1024\" height=\"683\" src=\"http:\/\/51.21.55.173\/wp-content\/uploads\/2021\/04\/IMGL1372v-1024x683.jpg\" alt=\"\" class=\"wp-image-770 size-full\" srcset=\"https:\/\/tabularasa.no\/wp-content\/uploads\/2021\/04\/IMGL1372v-1024x683.jpg 1024w, https:\/\/tabularasa.no\/wp-content\/uploads\/2021\/04\/IMGL1372v-300x200.jpg 300w, https:\/\/tabularasa.no\/wp-content\/uploads\/2021\/04\/IMGL1372v-768x512.jpg 768w, https:\/\/tabularasa.no\/wp-content\/uploads\/2021\/04\/IMGL1372v-1536x1024.jpg 1536w, https:\/\/tabularasa.no\/wp-content\/uploads\/2021\/04\/IMGL1372v-2048x1365.jpg 2048w, https:\/\/tabularasa.no\/wp-content\/uploads\/2021\/04\/IMGL1372v-16x12.jpg 16w\" sizes=\"auto, (max-width: 1024px) 100vw, 1024px\" \/><\/figure><div class=\"wp-block-media-text__content\">\n<p><strong>Sigrun J\u00f8rdre<\/strong> has her singing education from the Grieg Academy in Bergen and further education in children's choir conducting from the Norwegian Academy of Music. Sigrun has extensive experience with church music and ensemble singing, and has worked as a freelance singer since 2006. She has worked as a singing teacher at cultural school, high school and college, and specializes in working with children's choirs aged 5-13 years. <\/p>\n<\/div><\/div>\n\n\n\n<div class=\"wp-block-media-text alignwide has-media-on-the-right is-stacked-on-mobile\"><div class=\"wp-block-media-text__content\">\n<p><strong>Zsuzsa Zseni<\/strong> is a Hungarian mezzo-soprano. In 2009 she completed her singing studies in Szeged, Hungary and the same year she won the special prize for best performance in the Franz Lehar International Singing Competition in Komarno, Slovakia. She has a master's degree in singing from the Grieg Academy in Bergen, has been a member of the YAGA program in Norway and a finalist in the Grand Prize Virtuoso International Music Competition in London in 2016. She had her debut in London as Cherubino (Le Nozze di Figaro) in 2016, and sang Mercedes (Carmen) in Munich in 2018. Since 2018, she has been a singer and artistic director of the Bj\u00f8rgvin Trio. She is currently compleating a PMD in performing music at the University of Stavanger. &nbsp;<\/p>\n<\/div><figure class=\"wp-block-media-text__media\"><img loading=\"lazy\" decoding=\"async\" width=\"683\" height=\"1024\" src=\"http:\/\/51.21.55.173\/wp-content\/uploads\/2020\/10\/IMGL1596-683x1024.jpg\" alt=\"\" class=\"wp-image-536 size-full\" srcset=\"https:\/\/tabularasa.no\/wp-content\/uploads\/2020\/10\/IMGL1596-683x1024.jpg 683w, https:\/\/tabularasa.no\/wp-content\/uploads\/2020\/10\/IMGL1596-200x300.jpg 200w, https:\/\/tabularasa.no\/wp-content\/uploads\/2020\/10\/IMGL1596-768x1152.jpg 768w, https:\/\/tabularasa.no\/wp-content\/uploads\/2020\/10\/IMGL1596-1024x1536.jpg 1024w, https:\/\/tabularasa.no\/wp-content\/uploads\/2020\/10\/IMGL1596-1365x2048.jpg 1365w, https:\/\/tabularasa.no\/wp-content\/uploads\/2020\/10\/IMGL1596-scaled.jpg 1707w\" sizes=\"auto, (max-width: 683px) 100vw, 683px\" \/><\/figure><\/div>\n\n\n\n<div class=\"wp-block-media-text alignwide is-stacked-on-mobile\"><figure class=\"wp-block-media-text__media\"><img loading=\"lazy\" decoding=\"async\" width=\"1024\" height=\"683\" src=\"http:\/\/51.21.55.173\/wp-content\/uploads\/2022\/06\/pr_15A8856-1024x683.jpg\" alt=\"\" class=\"wp-image-1037 size-full\" srcset=\"https:\/\/tabularasa.no\/wp-content\/uploads\/2022\/06\/pr_15A8856-1024x683.jpg 1024w, https:\/\/tabularasa.no\/wp-content\/uploads\/2022\/06\/pr_15A8856-300x200.jpg 300w, https:\/\/tabularasa.no\/wp-content\/uploads\/2022\/06\/pr_15A8856-768x512.jpg 768w, https:\/\/tabularasa.no\/wp-content\/uploads\/2022\/06\/pr_15A8856-1536x1024.jpg 1536w, https:\/\/tabularasa.no\/wp-content\/uploads\/2022\/06\/pr_15A8856-2048x1365.jpg 2048w, https:\/\/tabularasa.no\/wp-content\/uploads\/2022\/06\/pr_15A8856-16x12.jpg 16w\" sizes=\"auto, (max-width: 1024px) 100vw, 1024px\" \/><\/figure><div class=\"wp-block-media-text__content\">\n<p><strong>Tord Kalvenes<\/strong>&nbsp;er frilans komponist og sanger bosatt i Bergen. Han har en mastergrad i musikkvitenskap fra Universitetet i Oslo og har studert komposisjon og ensembleledelse ved Norges musikkh\u00f8gskole. Kalvenes har ogs\u00e5 erfaring med undervisning p\u00e5 b\u00e5de videreg\u00e5ende- og h\u00f8yskoleniv\u00e5. Musikken hans har v\u00e6rt fremf\u00f8rt b\u00e5de innen- og utenlands og v\u00e6rt nominert til Musikkforleggerprisen. Tord har bred ensembleerfaring, er grunnlegger av TABULA RASA. <\/p>\n<\/div><\/div>\n\n\n\n<div class=\"wp-block-media-text alignwide has-media-on-the-right is-stacked-on-mobile\"><div class=\"wp-block-media-text__content\">\n<p><strong>Arild Rohde <\/strong>er dirigent og sanger, bosatt i Bergen. Han har en master i musikkvitenskap fra Universitetet i Oslo, og en bachelor i kordirigering fra konservatoriet i Amsterdam. Som dirigent har han erfaring med alt fra opera til barnekor, men har f\u00f8rst og fremst jobbet med kammerkor. Som sanger har han sunget i en rekke kor p\u00e5 h\u00f8yt niv\u00e5, og siden 2019 har han v\u00e6rt musikalsk leder i Tabula Rasa.<\/p>\n<\/div><figure class=\"wp-block-media-text__media\"><img loading=\"lazy\" decoding=\"async\" width=\"683\" height=\"1024\" src=\"http:\/\/51.21.55.173\/wp-content\/uploads\/2022\/06\/pr_15A8313-683x1024.jpg\" alt=\"\" class=\"wp-image-1038 size-full\" srcset=\"https:\/\/tabularasa.no\/wp-content\/uploads\/2022\/06\/pr_15A8313-683x1024.jpg 683w, https:\/\/tabularasa.no\/wp-content\/uploads\/2022\/06\/pr_15A8313-200x300.jpg 200w, https:\/\/tabularasa.no\/wp-content\/uploads\/2022\/06\/pr_15A8313-768x1152.jpg 768w, https:\/\/tabularasa.no\/wp-content\/uploads\/2022\/06\/pr_15A8313-1024x1536.jpg 1024w, https:\/\/tabularasa.no\/wp-content\/uploads\/2022\/06\/pr_15A8313-1365x2048.jpg 1365w, https:\/\/tabularasa.no\/wp-content\/uploads\/2022\/06\/pr_15A8313-8x12.jpg 8w, https:\/\/tabularasa.no\/wp-content\/uploads\/2022\/06\/pr_15A8313-scaled.jpg 1707w\" sizes=\"auto, (max-width: 683px) 100vw, 683px\" \/><\/figure><\/div>\n\n\n\n<div class=\"wp-block-media-text alignwide is-stacked-on-mobile\"><figure class=\"wp-block-media-text__media\"><img loading=\"lazy\" decoding=\"async\" width=\"748\" height=\"1024\" src=\"http:\/\/51.21.55.173\/wp-content\/uploads\/2022\/06\/pr_15A8582-748x1024.jpg\" alt=\"\" class=\"wp-image-1036 size-full\" srcset=\"https:\/\/tabularasa.no\/wp-content\/uploads\/2022\/06\/pr_15A8582-748x1024.jpg 748w, https:\/\/tabularasa.no\/wp-content\/uploads\/2022\/06\/pr_15A8582-219x300.jpg 219w, https:\/\/tabularasa.no\/wp-content\/uploads\/2022\/06\/pr_15A8582-768x1052.jpg 768w, https:\/\/tabularasa.no\/wp-content\/uploads\/2022\/06\/pr_15A8582-1121x1536.jpg 1121w, https:\/\/tabularasa.no\/wp-content\/uploads\/2022\/06\/pr_15A8582-1495x2048.jpg 1495w, https:\/\/tabularasa.no\/wp-content\/uploads\/2022\/06\/pr_15A8582-9x12.jpg 9w, https:\/\/tabularasa.no\/wp-content\/uploads\/2022\/06\/pr_15A8582-scaled.jpg 1869w\" sizes=\"auto, (max-width: 748px) 100vw, 748px\" \/><\/figure><div class=\"wp-block-media-text__content\">\n<p><strong>Jakub Adam<\/strong> works as a freelance singer and cultural school teacher. He has studied singing at the University of Stavanger with Bettina Smith and music pedagogy at the Music Institute in Katowice, Poland. He is an experienced ensemble singer and bass soloist, and collaborates with Trondheim Vocal Ensemble, Valen Vocal Ensemble, TSO, NOSO, Opera Rogaland, the vocal group PiP and Soloist Ensemble Camerata Silesia. As a soloist in recent years, he has sung Kong Erik in Fredkulla, Sciarrone in Tosca, Alcindoro in La Boheme and Jotun Dovre in the newly composed opera Harald Dovrefostre.<\/p>\n<\/div><\/div>\n\n\n\n<p>Foto 1-3: Zsigmond Zseni <br>Foto 4-6: Tor Nilssen<\/p>","protected":false},"excerpt":{"rendered":"<p>Rikke Lina Sorell Matthiesen har sin sangutdannelse fra Griegakademiet i Bergen, Drury University i USA og Universitet i Stavanger. Rikke Lina er en allsidig sopransolist med et stort scenisk talent. Hun opptrer som solist med b\u00e5de kor, orkester og band, og gj\u00f8r roller i musikal- &hellip; <a href=\"https:\/\/tabularasa.no\/en\/om-oss\/\" class=\"more-link\"><span>Continue reading<span class=\"screen-reader-text\">SINGERS<\/span><\/span><\/a><\/p>","protected":false},"author":2,"featured_media":0,"parent":0,"menu_order":0,"comment_status":"closed","ping_status":"closed","template":"","meta":{"_monsterinsights_skip_tracking":false,"_monsterinsights_sitenote_active":false,"_monsterinsights_sitenote_note":"","_monsterinsights_sitenote_category":0,"footnotes":""},"class_list":["post-23","page","type-page","status-publish","hentry"],"aioseo_notices":[],"_links":{"self":[{"href":"https:\/\/tabularasa.no\/en\/wp-json\/wp\/v2\/pages\/23","targetHints":{"allow":["GET"]}}],"collection":[{"href":"https:\/\/tabularasa.no\/en\/wp-json\/wp\/v2\/pages"}],"about":[{"href":"https:\/\/tabularasa.no\/en\/wp-json\/wp\/v2\/types\/page"}],"author":[{"embeddable":true,"href":"https:\/\/tabularasa.no\/en\/wp-json\/wp\/v2\/users\/2"}],"replies":[{"embeddable":true,"href":"https:\/\/tabularasa.no\/en\/wp-json\/wp\/v2\/comments?post=23"}],"version-history":[{"count":60,"href":"https:\/\/tabularasa.no\/en\/wp-json\/wp\/v2\/pages\/23\/revisions"}],"predecessor-version":[{"id":1446,"href":"https:\/\/tabularasa.no\/en\/wp-json\/wp\/v2\/pages\/23\/revisions\/1446"}],"wp:attachment":[{"href":"https:\/\/tabularasa.no\/en\/wp-json\/wp\/v2\/media?parent=23"}],"curies":[{"name":"wp","href":"https:\/\/api.w.org\/{rel}","templated":true}]}}