{"id":259,"date":"2020-05-12T19:02:17","date_gmt":"2020-05-12T18:02:17","guid":{"rendered":"http:\/\/51.21.55.173\/?page_id=259"},"modified":"2023-03-23T16:22:58","modified_gmt":"2023-03-23T15:22:58","slug":"bedehus-2","status":"publish","type":"page","link":"https:\/\/tabularasa.no\/en\/bedehus-2\/","title":{"rendered":"BEDEHUS-LAB"},"content":{"rendered":"<p class=\"has-light-gray-background-color has-background\">Medvirkende:<br>Tabula Rasa<br>Else Olsen S., komposisjon, tekst og preparert piano<br>Ingrid Askvik, regi<br>Matias Askvik \/ Silje Sandodden Kise, scenografi<br>Silje Sandodden Kise, kostymedesign<\/p>\n\n\n\n<p><em>Lyden av bedehuset har fulgt meg gjennom oppveksten, og ogs\u00e5 heilt inn i mitt virke som komponist den siste tida. Den stille og andektige lyden av bedehuset n\u00e5r d\u00f8ra blei l\u00e5st opp. Lukta av gr\u00f8ns\u00e5pevaska golv. Klirringa i bedehuskoppar. Mintgr\u00f8ne, rosa og lysebl\u00e5 Figgjo-koppar. Smaken av sukker, melis, sjokolade og sitronkrem. Og kjeks. Sterk saft. Ingen instruks om m\u00e5tehald. Mor spelte til allsongen. Det gjer ho framleis. Lyden av fint ustemte pianostrenger, som fekk klangane fr\u00e5 pianoet til \u00e5 sveva i store akkordar.&nbsp;<\/em><\/p>\n\n\n\n<p><em>Det foreg\u00e5r no ein dekonstruksjon av bedehuset. B\u00e5de fysisk av husa der dei st\u00e5r. Men ogs\u00e5 av fenomenet bedehuset, b\u00e5de i menneska og alt bedehuset har husa i nesten 200 \u00e5r. D\u00f8yr bedehuset d\u00e5? Korleis er lyden av forlatte bedehus?<\/em><\/p>\n\n\n\n<p>Else Olsen S., komponist, pianist og skribent, skriver utelukkende eksperimentell musikk. Hvordan blir det n\u00e5r hun samtidig blander inn bedehusmusikk? Hun vokste selv opp p\u00e5 diverse bedehus p\u00e5 vestlandet, og har tatt ogs\u00e5 denne sjangeren med i sitt virke &#8211; en sjanger som ikke en gang blir nevnt i h\u00f8yere musikkutdanningssystem.<\/p>\n\n\n\n<p><strong>\u00abBedehus-LAB\u00bb er en videref\u00f8ring av \u00abBedehus\u00bb som hadde urfremf\u00f8ring under Bergen Kirkeautunnale september 2020, og ble vist p\u00e5 vestlandsturn\u00e9 april \/ mai&nbsp; 2022.&nbsp;<\/strong><br><\/p>\n\n\n\n<figure class=\"wp-block-image size-large\"><img loading=\"lazy\" decoding=\"async\" width=\"683\" height=\"1024\" src=\"http:\/\/51.21.55.173\/wp-content\/uploads\/2022\/06\/IMGL0969-1-683x1024.jpg\" alt=\"\" class=\"wp-image-1051\" srcset=\"https:\/\/tabularasa.no\/wp-content\/uploads\/2022\/06\/IMGL0969-1-683x1024.jpg 683w, https:\/\/tabularasa.no\/wp-content\/uploads\/2022\/06\/IMGL0969-1-200x300.jpg 200w, https:\/\/tabularasa.no\/wp-content\/uploads\/2022\/06\/IMGL0969-1-scaled.jpg 1707w\" sizes=\"auto, (max-width: 683px) 100vw, 683px\" \/><figcaption>Photo: Zsigmond Zseni<\/figcaption><\/figure>\n\n\n\n<p>Det ble spilt forestillinger i \u00e5tte bedehus eller i hus som tidligere har v\u00e6rt bedehus:&nbsp;<\/p>\n\n\n\n<p>29. april kl 19: Tunes bedehus, Garnes<br>1. mai kl 19: Algr\u00f8y bedehus, Sotra<br>5. mai kl 19: Leirvik bedehus, Stord<br>6. mai kl 18: Hauge bedehus, Karm\u00f8y&nbsp;<br>11. mai kl 19: Heimly bedehus, \u00c5sane<br>12. mai kl 19: Jon Fosses hus, Kvam<br>14. mai kl 15: Bdhuset, Breim<br>15. mai kl 15: Kaupanger bedehus<\/p>\n\n\n\n<p><strong>I <em>Bedehus-LAB<\/em> f\u00e5r publikum fragmenter av minner, smaker og framtidsh\u00e5p. Har bedehuset mistet seg selv p\u00e5 veien? Er d\u00f8rene \u00e5pne nok til \u00e5 slippe framtiden inn? Vi unders\u00f8ker n\u00e5 hvordan publikums respons til verket kan tas inn i forestillingen. Publikum inviteres p\u00e5 kirkekaffe og til \u00e5 dele sine historier og assosiasjoner som s\u00e5 blir tatt med videre til neste bedehus.&nbsp;<\/strong><\/p>\n\n\n\n<div class=\"wp-block-jetpack-slideshow aligncenter\" data-autoplay=\"true\" data-delay=\"4\" data-effect=\"slide\"><div class=\"wp-block-jetpack-slideshow_container swiper-container\"><ul class=\"wp-block-jetpack-slideshow_swiper-wrapper swiper-wrapper\"><li class=\"wp-block-jetpack-slideshow_slide swiper-slide\"><figure><img loading=\"lazy\" decoding=\"async\" width=\"1024\" height=\"1024\" alt=\"\" class=\"wp-block-jetpack-slideshow_image wp-image-1065\" data-id=\"1065\" src=\"http:\/\/51.21.55.173\/wp-content\/uploads\/2022\/06\/18-1024x1024.jpeg\" srcset=\"https:\/\/tabularasa.no\/wp-content\/uploads\/2022\/06\/18-1024x1024.jpeg 1024w, https:\/\/tabularasa.no\/wp-content\/uploads\/2022\/06\/18-300x300.jpeg 300w, https:\/\/tabularasa.no\/wp-content\/uploads\/2022\/06\/18-150x150.jpeg 150w, https:\/\/tabularasa.no\/wp-content\/uploads\/2022\/06\/18-768x768.jpeg 768w, https:\/\/tabularasa.no\/wp-content\/uploads\/2022\/06\/18-1536x1536.jpeg 1536w, https:\/\/tabularasa.no\/wp-content\/uploads\/2022\/06\/18-2048x2048.jpeg 2048w, https:\/\/tabularasa.no\/wp-content\/uploads\/2022\/06\/18-12x12.jpeg 12w, https:\/\/tabularasa.no\/wp-content\/uploads\/2022\/06\/18-533x533.jpeg 533w, https:\/\/tabularasa.no\/wp-content\/uploads\/2022\/06\/18-640x640.jpeg 640w, https:\/\/tabularasa.no\/wp-content\/uploads\/2022\/06\/18-864x864.jpeg 864w\" sizes=\"auto, (max-width: 1024px) 100vw, 1024px\" \/><\/figure><\/li><li class=\"wp-block-jetpack-slideshow_slide swiper-slide\"><figure><img loading=\"lazy\" decoding=\"async\" width=\"1024\" height=\"1024\" alt=\"\" class=\"wp-block-jetpack-slideshow_image wp-image-1066\" data-id=\"1066\" src=\"http:\/\/51.21.55.173\/wp-content\/uploads\/2022\/06\/21-1024x1024.jpeg\" srcset=\"https:\/\/tabularasa.no\/wp-content\/uploads\/2022\/06\/21-1024x1024.jpeg 1024w, https:\/\/tabularasa.no\/wp-content\/uploads\/2022\/06\/21-300x300.jpeg 300w, https:\/\/tabularasa.no\/wp-content\/uploads\/2022\/06\/21-150x150.jpeg 150w, https:\/\/tabularasa.no\/wp-content\/uploads\/2022\/06\/21-768x768.jpeg 768w, https:\/\/tabularasa.no\/wp-content\/uploads\/2022\/06\/21-1536x1536.jpeg 1536w, https:\/\/tabularasa.no\/wp-content\/uploads\/2022\/06\/21-2048x2048.jpeg 2048w, https:\/\/tabularasa.no\/wp-content\/uploads\/2022\/06\/21-12x12.jpeg 12w, https:\/\/tabularasa.no\/wp-content\/uploads\/2022\/06\/21-533x533.jpeg 533w, https:\/\/tabularasa.no\/wp-content\/uploads\/2022\/06\/21-640x640.jpeg 640w, https:\/\/tabularasa.no\/wp-content\/uploads\/2022\/06\/21-864x864.jpeg 864w\" sizes=\"auto, (max-width: 1024px) 100vw, 1024px\" \/><\/figure><\/li><li class=\"wp-block-jetpack-slideshow_slide swiper-slide\"><figure><img loading=\"lazy\" decoding=\"async\" width=\"1024\" height=\"1024\" alt=\"\" class=\"wp-block-jetpack-slideshow_image wp-image-1064\" data-id=\"1064\" src=\"http:\/\/51.21.55.173\/wp-content\/uploads\/2022\/06\/24-1024x1024.jpeg\" srcset=\"https:\/\/tabularasa.no\/wp-content\/uploads\/2022\/06\/24-1024x1024.jpeg 1024w, https:\/\/tabularasa.no\/wp-content\/uploads\/2022\/06\/24-300x300.jpeg 300w, https:\/\/tabularasa.no\/wp-content\/uploads\/2022\/06\/24-150x150.jpeg 150w, https:\/\/tabularasa.no\/wp-content\/uploads\/2022\/06\/24-768x768.jpeg 768w, https:\/\/tabularasa.no\/wp-content\/uploads\/2022\/06\/24-1536x1536.jpeg 1536w, https:\/\/tabularasa.no\/wp-content\/uploads\/2022\/06\/24-2048x2048.jpeg 2048w, https:\/\/tabularasa.no\/wp-content\/uploads\/2022\/06\/24-12x12.jpeg 12w, https:\/\/tabularasa.no\/wp-content\/uploads\/2022\/06\/24-533x533.jpeg 533w, https:\/\/tabularasa.no\/wp-content\/uploads\/2022\/06\/24-640x640.jpeg 640w, https:\/\/tabularasa.no\/wp-content\/uploads\/2022\/06\/24-864x864.jpeg 864w\" sizes=\"auto, (max-width: 1024px) 100vw, 1024px\" \/><\/figure><\/li><\/ul><a class=\"wp-block-jetpack-slideshow_button-prev swiper-button-prev swiper-button-white\" role=\"button\"><\/a><a class=\"wp-block-jetpack-slideshow_button-next swiper-button-next swiper-button-white\" role=\"button\"><\/a><a aria-label=\"Pause Slideshow\" class=\"wp-block-jetpack-slideshow_button-pause\" role=\"button\"><\/a><div class=\"wp-block-jetpack-slideshow_pagination swiper-pagination swiper-pagination-white\"><\/div><\/div><\/div>\n\n\n\n<p>Tabula Rasa har sammen med komponist  arbeidet med \u00e5 forme et verk basert p\u00e5 bedehuskulturen, ut fra et samtidsmusikalsk perspektiv.<\/p>\n\n\n\n<p>Askvik, Askvik og Kise jobber med den sceniske utformingen av forestillingen. De leker seg assosiativt med bedehusets performativitet, ritualer og estetikk. De tar verket ut av de rene musikalske rammene og former <em>Bedehus-LAB <\/em>til en opplevelse der publikum b\u00e5de er innenfor og utenfor &#8211; betraktende og deltakende.<\/p>\n\n\n\n<figure class=\"wp-block-gallery has-nested-images columns-default is-cropped is-style-rectangular wp-block-gallery-1 is-layout-flex wp-block-gallery-is-layout-flex\">\n<figure class=\"wp-block-image size-large\"><img loading=\"lazy\" decoding=\"async\" width=\"1024\" height=\"683\" data-id=\"1080\" src=\"http:\/\/51.21.55.173\/wp-content\/uploads\/2022\/06\/fr_15A0182-1.jpg\" alt=\"\" class=\"wp-image-1080\" srcset=\"https:\/\/tabularasa.no\/wp-content\/uploads\/2022\/06\/fr_15A0182-1.jpg 1024w, https:\/\/tabularasa.no\/wp-content\/uploads\/2022\/06\/fr_15A0182-1-300x200.jpg 300w, https:\/\/tabularasa.no\/wp-content\/uploads\/2022\/06\/fr_15A0182-1-768x512.jpg 768w, https:\/\/tabularasa.no\/wp-content\/uploads\/2022\/06\/fr_15A0182-1-16x12.jpg 16w\" sizes=\"auto, (max-width: 1024px) 100vw, 1024px\" \/><\/figure>\n\n\n\n<figure class=\"wp-block-image size-large\"><img loading=\"lazy\" decoding=\"async\" width=\"1024\" height=\"683\" data-id=\"1079\" src=\"http:\/\/51.21.55.173\/wp-content\/uploads\/2022\/06\/r_15A0796.jpg\" alt=\"\" class=\"wp-image-1079\" srcset=\"https:\/\/tabularasa.no\/wp-content\/uploads\/2022\/06\/r_15A0796.jpg 1024w, https:\/\/tabularasa.no\/wp-content\/uploads\/2022\/06\/r_15A0796-300x200.jpg 300w, https:\/\/tabularasa.no\/wp-content\/uploads\/2022\/06\/r_15A0796-768x512.jpg 768w, https:\/\/tabularasa.no\/wp-content\/uploads\/2022\/06\/r_15A0796-16x12.jpg 16w\" sizes=\"auto, (max-width: 1024px) 100vw, 1024px\" \/><\/figure>\n\n\n\n<figure class=\"wp-block-image size-large\"><img loading=\"lazy\" decoding=\"async\" width=\"1024\" height=\"683\" data-id=\"1078\" src=\"http:\/\/51.21.55.173\/wp-content\/uploads\/2022\/06\/r_15A0775.jpg\" alt=\"\" class=\"wp-image-1078\" srcset=\"https:\/\/tabularasa.no\/wp-content\/uploads\/2022\/06\/r_15A0775.jpg 1024w, https:\/\/tabularasa.no\/wp-content\/uploads\/2022\/06\/r_15A0775-300x200.jpg 300w, https:\/\/tabularasa.no\/wp-content\/uploads\/2022\/06\/r_15A0775-768x512.jpg 768w, https:\/\/tabularasa.no\/wp-content\/uploads\/2022\/06\/r_15A0775-16x12.jpg 16w\" sizes=\"auto, (max-width: 1024px) 100vw, 1024px\" \/><\/figure>\n\n\n\n<figure class=\"wp-block-image size-large\"><img loading=\"lazy\" decoding=\"async\" width=\"1024\" height=\"683\" data-id=\"1076\" src=\"http:\/\/51.21.55.173\/wp-content\/uploads\/2022\/06\/r_15A0270.jpg\" alt=\"\" class=\"wp-image-1076\" srcset=\"https:\/\/tabularasa.no\/wp-content\/uploads\/2022\/06\/r_15A0270.jpg 1024w, https:\/\/tabularasa.no\/wp-content\/uploads\/2022\/06\/r_15A0270-300x200.jpg 300w, https:\/\/tabularasa.no\/wp-content\/uploads\/2022\/06\/r_15A0270-768x512.jpg 768w, https:\/\/tabularasa.no\/wp-content\/uploads\/2022\/06\/r_15A0270-16x12.jpg 16w\" sizes=\"auto, (max-width: 1024px) 100vw, 1024px\" \/><\/figure>\n<figcaption class=\"blocks-gallery-caption\">Foto: Tor Nilssen<\/figcaption><\/figure>\n\n\n\n<p>KUNSTBOK<br><em>Bedehus-LAB <\/em>skal i etterkant av visningene i 2022 samle minner fra konsertdeltakerne, som sammen med lyd, dikt, bilder og grafikk vil bli en kunstbok med opplag p\u00e5 250 eksemplarar. Forh\u00e5ndsbestilling til <a href=\"mailto:elseolsens@gmail.com\">elseolsens@gmail.com<\/a>. <\/p>\n\n\n\n<p>Bedehus-LAB er st\u00f8ttet av Kulturr\u00e5det, Fond for lyd og bilde, Fond for ut\u00f8vende kunstnere, Vestland fylkeskommune, Bergen kommune, Morten Eide Pedersens minnefond og Komponistforeningen.&nbsp;<\/p>\n\n\n\n<figure class=\"wp-block-image size-large\"><img loading=\"lazy\" decoding=\"async\" width=\"1024\" height=\"683\" src=\"http:\/\/51.21.55.173\/wp-content\/uploads\/2022\/06\/IMGL1101-1-1024x683.jpg\" alt=\"\" class=\"wp-image-1061\" srcset=\"https:\/\/tabularasa.no\/wp-content\/uploads\/2022\/06\/IMGL1101-1-1024x683.jpg 1024w, https:\/\/tabularasa.no\/wp-content\/uploads\/2022\/06\/IMGL1101-1-300x200.jpg 300w, https:\/\/tabularasa.no\/wp-content\/uploads\/2022\/06\/IMGL1101-1-768x512.jpg 768w, https:\/\/tabularasa.no\/wp-content\/uploads\/2022\/06\/IMGL1101-1-1536x1024.jpg 1536w, https:\/\/tabularasa.no\/wp-content\/uploads\/2022\/06\/IMGL1101-1-2048x1365.jpg 2048w, https:\/\/tabularasa.no\/wp-content\/uploads\/2022\/06\/IMGL1101-1-16x12.jpg 16w\" sizes=\"auto, (max-width: 1024px) 100vw, 1024px\" \/><figcaption>Photo: Zsigmond Zseni<\/figcaption><\/figure>\n\n\n\n<p><\/p>","protected":false},"excerpt":{"rendered":"<p>Medvirkende:Tabula RasaElse Olsen S., komposisjon, tekst og preparert pianoIngrid Askvik, regiMatias Askvik \/ Silje Sandodden Kise, scenografiSilje Sandodden Kise, kostymedesign Lyden av bedehuset har fulgt meg gjennom oppveksten, og ogs\u00e5 heilt inn i mitt virke som komponist den siste tida. Den stille og andektige lyden &hellip; <a href=\"https:\/\/tabularasa.no\/en\/bedehus-2\/\" class=\"more-link\"><span>Continue reading<span class=\"screen-reader-text\">BEDEHUS-LAB<\/span><\/span><\/a><\/p>","protected":false},"author":3,"featured_media":1044,"parent":0,"menu_order":0,"comment_status":"closed","ping_status":"closed","template":"","meta":{"_monsterinsights_skip_tracking":false,"_monsterinsights_sitenote_active":false,"_monsterinsights_sitenote_note":"","_monsterinsights_sitenote_category":0,"footnotes":""},"class_list":["post-259","page","type-page","status-publish","has-post-thumbnail","hentry"],"aioseo_notices":[],"_links":{"self":[{"href":"https:\/\/tabularasa.no\/en\/wp-json\/wp\/v2\/pages\/259","targetHints":{"allow":["GET"]}}],"collection":[{"href":"https:\/\/tabularasa.no\/en\/wp-json\/wp\/v2\/pages"}],"about":[{"href":"https:\/\/tabularasa.no\/en\/wp-json\/wp\/v2\/types\/page"}],"author":[{"embeddable":true,"href":"https:\/\/tabularasa.no\/en\/wp-json\/wp\/v2\/users\/3"}],"replies":[{"embeddable":true,"href":"https:\/\/tabularasa.no\/en\/wp-json\/wp\/v2\/comments?post=259"}],"version-history":[{"count":48,"href":"https:\/\/tabularasa.no\/en\/wp-json\/wp\/v2\/pages\/259\/revisions"}],"predecessor-version":[{"id":1220,"href":"https:\/\/tabularasa.no\/en\/wp-json\/wp\/v2\/pages\/259\/revisions\/1220"}],"wp:featuredmedia":[{"embeddable":true,"href":"https:\/\/tabularasa.no\/en\/wp-json\/wp\/v2\/media\/1044"}],"wp:attachment":[{"href":"https:\/\/tabularasa.no\/en\/wp-json\/wp\/v2\/media?parent=259"}],"curies":[{"name":"wp","href":"https:\/\/api.w.org\/{rel}","templated":true}]}}