{"id":30,"date":"2020-03-22T19:21:09","date_gmt":"2020-03-22T18:21:09","guid":{"rendered":"http:\/\/51.21.55.173\/?page_id=30"},"modified":"2025-12-10T12:43:45","modified_gmt":"2025-12-10T11:43:45","slug":"hjem","status":"publish","type":"page","link":"https:\/\/tabularasa.no\/en\/","title":{"rendered":"Om oss"},"content":{"rendered":"<figure class=\"wp-block-image size-large\"><img loading=\"lazy\" decoding=\"async\" width=\"1024\" height=\"683\" src=\"http:\/\/51.21.55.173\/wp-content\/uploads\/2022\/12\/IMGL5784-2-1024x683.jpeg\" alt=\"\" class=\"wp-image-1138\" srcset=\"https:\/\/tabularasa.no\/wp-content\/uploads\/2022\/12\/IMGL5784-2-1024x683.jpeg 1024w, https:\/\/tabularasa.no\/wp-content\/uploads\/2022\/12\/IMGL5784-2-300x200.jpeg 300w, https:\/\/tabularasa.no\/wp-content\/uploads\/2022\/12\/IMGL5784-2-768x512.jpeg 768w, https:\/\/tabularasa.no\/wp-content\/uploads\/2022\/12\/IMGL5784-2-1536x1024.jpeg 1536w, https:\/\/tabularasa.no\/wp-content\/uploads\/2022\/12\/IMGL5784-2-2048x1365.jpeg 2048w, https:\/\/tabularasa.no\/wp-content\/uploads\/2022\/12\/IMGL5784-2-16x12.jpeg 16w\" sizes=\"auto, (max-width: 1024px) 100vw, 1024px\" \/><figcaption class=\"wp-element-caption\">Photo: Zsigmond Zseni<\/figcaption><\/figure>\n\n\n\n<div class=\"wp-block-group\"><div class=\"wp-block-group__inner-container is-layout-flow wp-block-group-is-layout-flow\">\n<p class=\"has-black-color has-light-gray-background-color has-text-color has-background\">TABULA RASA&nbsp;best\u00e5r av Sigrun J\u00f8rdre, Rikke Lina Sorell Matthiesen, Zsuzsa Zseni, Tord Kalvenes, Arild Rohde og Jakub Adam.<\/p>\n\n\n\n<p>Tabula Rasa er et klassisk, profesjonelt vokalensemble med base p\u00e5 Vestlandet. I sitt kunstneriske arbeid s\u00f8ker de \u00e5 utfordre konvensjoner, finne innovative l\u00f8sninger og speile samtiden. Sammen med komponister og musikere \u00f8nsker de \u00e5 utvikle nye musikalske uttrykk i et \u00e5pent, tverrfaglig kollektiv som skaper \u00f8yeblikksopplevelser.&nbsp;<\/p>\n\n\n\n<p class=\"has-black-color has-light-gray-background-color has-text-color has-background\">Tabula Rasa skiller seg ut gjennom \u00e5 jobbe med improvisasjon og teatrale virkemidler for \u00e5 skape konseptuelle konserter og forestillinger. De \u00f8nsker \u00e5 n\u00e5 frem med ny musikk til mennesker som ikke kjenner formen s\u00e5 godt fra f\u00f8r.<\/p>\n<\/div><\/div>\n\n\n\n<h2 class=\"wp-block-heading\">Cooperations<\/h2>\n\n\n\n<p>Vi arbeider gjerne tverrfaglig med kunstnere fra ulike felt. <\/p>\n\n\n\n<p>Our artistic collaboration includes Else Olsen S.,\u00a0 <a href=\"https:\/\/knutvaage.com\/\" title=\"Knut Vaage\">Knut Vaage<\/a>, <a data-type=\"URL\" data-id=\"https:\/\/www.borealisfestival.no\/\" href=\"https:\/\/www.borealisfestival.no\/\">Borealis festival<\/a>, <a href=\"https:\/\/autunnale.no\">Bergen Kirkeautunnale,<\/a> Else Olsen S., <a href=\"http:\/\/www.halldisronning.com\/\">Halldis R\u00f8nning<\/a>, Ingrid Askvik, <a href=\"http:\/\/www.matiasaskvik.com\/\">Matias Askvik<\/a>, <a href=\"https:\/\/siljekise.wordpress.com\/\">Silje Sandodden Kise<\/a>, <a href=\"http:\/\/www.marcusdavidson.net\/\">Marcus Davidson<\/a>, Jostein Avdem Fretland, <a href=\"https:\/\/www.josteinstalheim.no\/\">Jostein Stalheim<\/a>, <a href=\"http:\/\/www.knutvaage.com\/\">Knut Vaage<\/a>, Peter Child, <a data-type=\"URL\" data-id=\"https:\/\/www.logaard.no\" href=\"https:\/\/www.logaard.no\">Linda \u00d8gaard<\/a>, <a href=\"https:\/\/www.erikhalvorsen.no\/1.html\" title=\"Erik Halvorsen\">Erik Halvorsen<\/a>,<a href=\"https:\/\/andershannevold.com\" title=\"\"> Anders Hannevold<\/a> and <a href=\"https:\/\/juanvassallo.com\">Juan Vassallo<\/a>.<\/p>","protected":false},"excerpt":{"rendered":"<p>TABULA RASA&nbsp;best\u00e5r av Sigrun J\u00f8rdre, Rikke Lina Sorell Matthiesen, Zsuzsa Zseni, Tord Kalvenes, Arild Rohde og Jakub Adam. Tabula Rasa er et klassisk, profesjonelt vokalensemble med base p\u00e5 Vestlandet. I sitt kunstneriske arbeid s\u00f8ker de \u00e5 utfordre konvensjoner, finne innovative l\u00f8sninger og speile samtiden. Sammen &hellip; <a href=\"https:\/\/tabularasa.no\/en\/\" class=\"more-link\"><span>Continue reading<span class=\"screen-reader-text\">Om oss<\/span><\/span><\/a><\/p>","protected":false},"author":2,"featured_media":0,"parent":0,"menu_order":0,"comment_status":"closed","ping_status":"closed","template":"","meta":{"_monsterinsights_skip_tracking":false,"_monsterinsights_sitenote_active":false,"_monsterinsights_sitenote_note":"","_monsterinsights_sitenote_category":0,"footnotes":""},"class_list":["post-30","page","type-page","status-publish","hentry"],"aioseo_notices":[],"_links":{"self":[{"href":"https:\/\/tabularasa.no\/en\/wp-json\/wp\/v2\/pages\/30","targetHints":{"allow":["GET"]}}],"collection":[{"href":"https:\/\/tabularasa.no\/en\/wp-json\/wp\/v2\/pages"}],"about":[{"href":"https:\/\/tabularasa.no\/en\/wp-json\/wp\/v2\/types\/page"}],"author":[{"embeddable":true,"href":"https:\/\/tabularasa.no\/en\/wp-json\/wp\/v2\/users\/2"}],"replies":[{"embeddable":true,"href":"https:\/\/tabularasa.no\/en\/wp-json\/wp\/v2\/comments?post=30"}],"version-history":[{"count":51,"href":"https:\/\/tabularasa.no\/en\/wp-json\/wp\/v2\/pages\/30\/revisions"}],"predecessor-version":[{"id":1549,"href":"https:\/\/tabularasa.no\/en\/wp-json\/wp\/v2\/pages\/30\/revisions\/1549"}],"wp:attachment":[{"href":"https:\/\/tabularasa.no\/en\/wp-json\/wp\/v2\/media?parent=30"}],"curies":[{"name":"wp","href":"https:\/\/api.w.org\/{rel}","templated":true}]}}