{"id":458,"date":"2020-10-14T18:33:01","date_gmt":"2020-10-14T17:33:01","guid":{"rendered":"http:\/\/51.21.55.173\/?page_id=458"},"modified":"2025-05-16T11:15:49","modified_gmt":"2025-05-16T10:15:49","slug":"presse","status":"publish","type":"page","link":"https:\/\/tabularasa.no\/en\/presse\/","title":{"rendered":"RESPONS"},"content":{"rendered":"<h2 class=\"wp-block-heading\">Sn\u00f8roser<\/h2>\n\n\n\n<blockquote class=\"wp-block-quote is-layout-flow wp-block-quote-is-layout-flow\">\n<p>Eg gjekk ut fr\u00e5 denne konserten med ei stor indre glede. Ensemblet hadde klart \u00e5 setja publikum i ei rein og\u00a0roleg adventsstemning, absolutt fri for materielt stress, som me elles har nok av i tida f\u00f8r jul. Konserten vil sitja i minnet for all tid.<\/p>\n\n\n\n<p>En nydelig konsert i adventstida. Stille meditativ og vakker sang. Denne b\u00f8r alle som kan f\u00e5 med seg.<\/p>\n\n\n\n<p>Annerledes, men fantastisk flott musikk og med sangprestasjoner p\u00e5 \u00f8verste hylle; med noen fabelaktige harmonier og klager som gikk rett inn i sjelen og hjerteroten.&nbsp;<\/p>\n\n\n\n<p>De presenterer et litt annerledes program med tette harmonier og et program som utfordrer tilh\u00f8rerne til \u00e5 kjenne p\u00e5 stemningen og stillheten i musikken, og i konserten som helhet. De gj\u00f8r dette med en eleganse og klokkeklar framf\u00f8ring og spesielt imponerende er de i de svakeste partiene hvor stemmene fremdeles klinger nydelig og virkelig f\u00e5r tilh\u00f8rerne til \u00e5 lytte og kjenne. (\u2026) anbefales p\u00e5 det varmeste, det er en virkelig fin musikalsk opplevelse.<\/p>\n<\/blockquote>\n\n\n\n<h2 class=\"wp-block-heading\">Stavkyrkjesong<\/h2>\n\n\n\n<blockquote class=\"wp-block-quote is-layout-flow wp-block-quote-is-layout-flow\">\n<p id=\"block-ce9bb4ad-aae1-40ae-8fe6-0caf7b17b644\">Ufattelig vakkert, nydelege stemmer, gudommelege klangar og fullstendig ro.<\/p>\n\n\n\n<p id=\"block-cf156bdc-3ec5-4fbe-9366-7868f821a3d0\">Hjarteleg takk til Tabula Rasa for at eg fekk oppleve kveldens vakre tonar i Hopperstad stavkyrkje. \u00c5 vandre i og rundt kyrkja medan eg fekk lytte til dykkar stavkyrkjeklangar gjorde godt, samtidig som de gav oss mykje meir enn ein konsert. <\/p>\n<\/blockquote>\n\n\n\n<h2 class=\"wp-block-heading\">Breakout Room<\/h2>\n\n\n\n<ul class=\"wp-block-list\">\n<li>&laquo;<a href=\"https:\/\/www.midtsiden.no\/vokale-krumspring-i-hvelvet\">Vokale krumspring i Hvelvet&raquo; &#8211; Midtsiden, 6. mai 2021<\/a><\/li>\n<\/ul>\n\n\n\n<h2 class=\"wp-block-heading\">Bedehus-LAB<\/h2>\n\n\n\n<ul class=\"wp-block-list\">\n<li><a href=\"https:\/\/www.dagen.no\/nyheter\/stikk-gaflar-i-pianoet-for-a-lage-bedehuslyd\/\">&laquo;Stikk gaflar i pianoet for \u00e5 lage bedehuslyd&raquo; &#8211; Dagen, 2022<\/a><\/li>\n\n\n\n<li><a href=\"https:\/\/www.dagen.no\/nyheter\/jakter-alt-som-er-av-bedehus\/\">&laquo;<\/a><a href=\"http:\/\/&quot;Jakter alt som er av bedehus&quot; - Dagen, 2021\">Jakter alt som er av bedehus&raquo; &#8211; Dagen, 2021<\/a><\/li>\n\n\n\n<li><a href=\"https:\/\/www.vl.no\/kultur\/komponerer-musikk-fra-forlatte-bedehus-1.1766562?fbclid=IwAR3RYjnhR7bBT8XrMjLVGIcwSNq8Aq7XqK7oRJp-q5vsctEYJTYeoXfnDTg?paywall=true\">&laquo;Komponerer musikk fra forlatte bedehus&raquo; &#8211; V\u00e5rt Land,  1. september 2020<\/a><\/li>\n\n\n\n<li><a href=\"https:\/\/www.ballade.no\/kunstmusikk\/sjolvrefleksjon-i-bedehuset-pa-bergen-kirkeautunnale\/?fbclid=IwAR2mZ7lalUOrSoGoUoqX2ujdwn1LnW9fzqdtD655Ekh2NQkL9t9GGkEQNpA\">&laquo;Sj\u00f8lvrefleksjon i bedehuset p\u00e5 Bergen Kirkeautunnale&raquo; &#8211; Ballade,  8. oktober 2020<\/a><\/li>\n<\/ul>\n\n\n\n<h2 class=\"wp-block-heading\">Sacred space (Bergen Kirkeautunnale)<\/h2>\n\n\n\n<blockquote class=\"wp-block-quote is-layout-flow wp-block-quote-is-layout-flow\">\n<p>\u00abThe vocal ensemble appears as a cohesive organism with listening vocalists. One can only sit back and enjoy their sublime intonation \u00bb<br><br>Annabel Guaita, Klassisk Musikk<\/p>\n<\/blockquote>\n\n\n\n<ul class=\"wp-block-list\">\n<li><a href=\"https:\/\/www.klassiskmusikk.com\/artikler\/anmeldelser\/musikk-mellom-tid-og-rom-1\/?fbclid=IwAR0swCwN7lZpFDyqoVBQLcsnhRAy_Nhl5x5pef8RAALSg_VLaTV6uLvpv5Y#\">&laquo;MUSIKK MELLOM TID OG ROM&raquo; &#8211; KlassiskMusikk, 2020<br><\/a><\/li>\n<\/ul>\n\n\n\n<p><\/p>","protected":false},"excerpt":{"rendered":"<p>Sn\u00f8roser Eg gjekk ut fr\u00e5 denne konserten med ei stor indre glede. Ensemblet hadde klart \u00e5 setja publikum i ei rein og\u00a0roleg adventsstemning, absolutt fri for materielt stress, som me elles har nok av i tida f\u00f8r jul. Konserten vil sitja i minnet for all &hellip; <a href=\"https:\/\/tabularasa.no\/en\/presse\/\" class=\"more-link\"><span>Continue reading<span class=\"screen-reader-text\">RESPONS<\/span><\/span><\/a><\/p>","protected":false},"author":3,"featured_media":1138,"parent":0,"menu_order":0,"comment_status":"closed","ping_status":"closed","template":"","meta":{"_monsterinsights_skip_tracking":false,"_monsterinsights_sitenote_active":false,"_monsterinsights_sitenote_note":"","_monsterinsights_sitenote_category":0,"footnotes":""},"class_list":["post-458","page","type-page","status-publish","has-post-thumbnail","hentry"],"aioseo_notices":[],"_links":{"self":[{"href":"https:\/\/tabularasa.no\/en\/wp-json\/wp\/v2\/pages\/458","targetHints":{"allow":["GET"]}}],"collection":[{"href":"https:\/\/tabularasa.no\/en\/wp-json\/wp\/v2\/pages"}],"about":[{"href":"https:\/\/tabularasa.no\/en\/wp-json\/wp\/v2\/types\/page"}],"author":[{"embeddable":true,"href":"https:\/\/tabularasa.no\/en\/wp-json\/wp\/v2\/users\/3"}],"replies":[{"embeddable":true,"href":"https:\/\/tabularasa.no\/en\/wp-json\/wp\/v2\/comments?post=458"}],"version-history":[{"count":23,"href":"https:\/\/tabularasa.no\/en\/wp-json\/wp\/v2\/pages\/458\/revisions"}],"predecessor-version":[{"id":1478,"href":"https:\/\/tabularasa.no\/en\/wp-json\/wp\/v2\/pages\/458\/revisions\/1478"}],"wp:featuredmedia":[{"embeddable":true,"href":"https:\/\/tabularasa.no\/en\/wp-json\/wp\/v2\/media\/1138"}],"wp:attachment":[{"href":"https:\/\/tabularasa.no\/en\/wp-json\/wp\/v2\/media?parent=458"}],"curies":[{"name":"wp","href":"https:\/\/api.w.org\/{rel}","templated":true}]}}