{"id":603,"date":"2020-10-21T15:55:03","date_gmt":"2020-10-21T14:55:03","guid":{"rendered":"http:\/\/51.21.55.173\/?page_id=603"},"modified":"2025-05-16T10:56:31","modified_gmt":"2025-05-16T09:56:31","slug":"stavkyrkjesong","status":"publish","type":"page","link":"https:\/\/tabularasa.no\/en\/stavkyrkjesong\/","title":{"rendered":"STAVKYRKJESONG"},"content":{"rendered":"<figure class=\"wp-block-image size-large\"><img loading=\"lazy\" decoding=\"async\" width=\"1024\" height=\"689\" src=\"http:\/\/51.21.55.173\/wp-content\/uploads\/2023\/03\/AB5AA713-EEE5-4FAA-A7CA-73DED30AB7D4-1024x689.jpeg\" alt=\"\" class=\"wp-image-1221\" srcset=\"https:\/\/tabularasa.no\/wp-content\/uploads\/2023\/03\/AB5AA713-EEE5-4FAA-A7CA-73DED30AB7D4-1024x689.jpeg 1024w, https:\/\/tabularasa.no\/wp-content\/uploads\/2023\/03\/AB5AA713-EEE5-4FAA-A7CA-73DED30AB7D4-300x202.jpeg 300w, https:\/\/tabularasa.no\/wp-content\/uploads\/2023\/03\/AB5AA713-EEE5-4FAA-A7CA-73DED30AB7D4-768x516.jpeg 768w, https:\/\/tabularasa.no\/wp-content\/uploads\/2023\/03\/AB5AA713-EEE5-4FAA-A7CA-73DED30AB7D4-16x12.jpeg 16w, https:\/\/tabularasa.no\/wp-content\/uploads\/2023\/03\/AB5AA713-EEE5-4FAA-A7CA-73DED30AB7D4.jpeg 1200w\" sizes=\"auto, (max-width: 1024px) 100vw, 1024px\" \/><figcaption class=\"wp-element-caption\">Foto: <a href=\"https:\/\/brukere.snl.no\/54625\/\">Jiri Havran<\/a>\/Arfo forlag<\/figcaption><\/figure>\n\n\n\n<p><em>Stavkyrkjesong er et samarbeid mellom komponist Jostein Avdem Fretland, vokalensemblet Tabula Rasa og scenograf Matias Askvik. Prosjektet presenteres i kirker i L\u00e6rdal, Kaupanger, Vik og Bergen. Alle disse kirkene er fra middelalderen, og de fleste er fortsatt i aktiv bruk i dag. Fortid, n\u00e5tid og fremtid er sterkt til stede i disse rommene. Et viktig aspekt av prosjektet er \u00e5 tydeliggj\u00f8re disse ulike lagene av tid, b\u00e5de musikalsk og i bruken av rommene.<\/em><\/p>\n\n\n\n<p>Prosjektet er basert p\u00e5 et bestillingsverk der komponisten i en rekke stykker utvikler en polyfoni for stavkirkene. Komponisten og ensemblet vil sammen utvikle en konsert der bestillingsverket flettes sammen med folkemusikk,&nbsp; tidligmusikk og improvisasjoner. Med scenograf vil de jobbe i dialog med de eldgamle stavkirkerommene for \u00e5 skape et lydrom der publikum kan tre ut fra hverdagen og inn i en tilstand der mange lag av tid eksisterer side om side. Et rom utenfor tiden.<\/p>\n\n\n\n<div data-wp-interactive=\"core\/file\" class=\"wp-block-file\"><object data-wp-bind--hidden=\"!state.hasPdfPreview\" hidden class=\"wp-block-file__embed\" data=\"http:\/\/51.21.55.173\/wp-content\/uploads\/2023\/05\/Stavkyrkjesong-plakat-.pdf\" type=\"application\/pdf\" style=\"width:100%;height:600px\" aria-label=\"Embed of Stavkyrkjesong-plakat-.\"><\/object><a id=\"wp-block-file--media-97899fd2-07bf-4931-9155-a3030bc5f533\" href=\"http:\/\/51.21.55.173\/wp-content\/uploads\/2023\/05\/Stavkyrkjesong-plakat-.pdf\">Stavkyrkjesong-plakat-<\/a><a href=\"http:\/\/51.21.55.173\/wp-content\/uploads\/2023\/05\/Stavkyrkjesong-plakat-.pdf\" class=\"wp-block-file__button wp-element-button\" download aria-describedby=\"wp-block-file--media-97899fd2-07bf-4931-9155-a3030bc5f533\">Last ned<\/a><\/div>\n\n\n\n<figure class=\"wp-block-image size-large\"><img loading=\"lazy\" decoding=\"async\" width=\"768\" height=\"1024\" src=\"http:\/\/51.21.55.173\/wp-content\/uploads\/2023\/05\/1-768x1024.jpeg\" alt=\"\" class=\"wp-image-1235\" srcset=\"https:\/\/tabularasa.no\/wp-content\/uploads\/2023\/05\/1-768x1024.jpeg 768w, https:\/\/tabularasa.no\/wp-content\/uploads\/2023\/05\/1-225x300.jpeg 225w, https:\/\/tabularasa.no\/wp-content\/uploads\/2023\/05\/1-1152x1536.jpeg 1152w, https:\/\/tabularasa.no\/wp-content\/uploads\/2023\/05\/1-1536x2048.jpeg 1536w, https:\/\/tabularasa.no\/wp-content\/uploads\/2023\/05\/1-9x12.jpeg 9w, https:\/\/tabularasa.no\/wp-content\/uploads\/2023\/05\/1-scaled.jpeg 1920w\" sizes=\"auto, (max-width: 768px) 100vw, 768px\" \/><figcaption class=\"wp-element-caption\">Fra \u00f8vingshelg april 2023<\/figcaption><\/figure>\n\n\n\n<figure class=\"wp-block-gallery has-nested-images columns-default is-cropped wp-block-gallery-1 is-layout-flex wp-block-gallery-is-layout-flex\">\n<figure class=\"wp-block-image size-large\"><img loading=\"lazy\" decoding=\"async\" width=\"768\" height=\"1024\" data-id=\"1251\" src=\"http:\/\/51.21.55.173\/wp-content\/uploads\/2023\/06\/E5164EA7-403A-4827-8A47-CD4A7E5EA601-768x1024.jpeg\" alt=\"\" class=\"wp-image-1251\" srcset=\"https:\/\/tabularasa.no\/wp-content\/uploads\/2023\/06\/E5164EA7-403A-4827-8A47-CD4A7E5EA601-768x1024.jpeg 768w, https:\/\/tabularasa.no\/wp-content\/uploads\/2023\/06\/E5164EA7-403A-4827-8A47-CD4A7E5EA601-225x300.jpeg 225w, https:\/\/tabularasa.no\/wp-content\/uploads\/2023\/06\/E5164EA7-403A-4827-8A47-CD4A7E5EA601-1152x1536.jpeg 1152w, https:\/\/tabularasa.no\/wp-content\/uploads\/2023\/06\/E5164EA7-403A-4827-8A47-CD4A7E5EA601-1536x2048.jpeg 1536w, https:\/\/tabularasa.no\/wp-content\/uploads\/2023\/06\/E5164EA7-403A-4827-8A47-CD4A7E5EA601-9x12.jpeg 9w, https:\/\/tabularasa.no\/wp-content\/uploads\/2023\/06\/E5164EA7-403A-4827-8A47-CD4A7E5EA601-scaled.jpeg 1920w\" sizes=\"auto, (max-width: 768px) 100vw, 768px\" \/><figcaption class=\"wp-element-caption\">Kaupanger stavkyrkje <\/figcaption><\/figure>\n\n\n\n<figure class=\"wp-block-image size-large\"><img loading=\"lazy\" decoding=\"async\" width=\"768\" height=\"1024\" data-id=\"1252\" src=\"http:\/\/51.21.55.173\/wp-content\/uploads\/2023\/06\/A3BFD020-6427-45ED-8E2B-251171FDA2E9-768x1024.jpeg\" alt=\"\" class=\"wp-image-1252\" srcset=\"https:\/\/tabularasa.no\/wp-content\/uploads\/2023\/06\/A3BFD020-6427-45ED-8E2B-251171FDA2E9-768x1024.jpeg 768w, https:\/\/tabularasa.no\/wp-content\/uploads\/2023\/06\/A3BFD020-6427-45ED-8E2B-251171FDA2E9-225x300.jpeg 225w, https:\/\/tabularasa.no\/wp-content\/uploads\/2023\/06\/A3BFD020-6427-45ED-8E2B-251171FDA2E9-1152x1536.jpeg 1152w, https:\/\/tabularasa.no\/wp-content\/uploads\/2023\/06\/A3BFD020-6427-45ED-8E2B-251171FDA2E9-1536x2048.jpeg 1536w, https:\/\/tabularasa.no\/wp-content\/uploads\/2023\/06\/A3BFD020-6427-45ED-8E2B-251171FDA2E9-9x12.jpeg 9w, https:\/\/tabularasa.no\/wp-content\/uploads\/2023\/06\/A3BFD020-6427-45ED-8E2B-251171FDA2E9-scaled.jpeg 1920w\" sizes=\"auto, (max-width: 768px) 100vw, 768px\" \/><figcaption class=\"wp-element-caption\">Kaupanger stavkyrkje<\/figcaption><\/figure>\n\n\n\n<figure class=\"wp-block-image size-large\"><img loading=\"lazy\" decoding=\"async\" width=\"768\" height=\"1024\" data-id=\"1253\" src=\"http:\/\/51.21.55.173\/wp-content\/uploads\/2023\/06\/87D01597-1920-49B9-BE66-B999F9C97580-768x1024.jpeg\" alt=\"\" class=\"wp-image-1253\" srcset=\"https:\/\/tabularasa.no\/wp-content\/uploads\/2023\/06\/87D01597-1920-49B9-BE66-B999F9C97580-768x1024.jpeg 768w, https:\/\/tabularasa.no\/wp-content\/uploads\/2023\/06\/87D01597-1920-49B9-BE66-B999F9C97580-225x300.jpeg 225w, https:\/\/tabularasa.no\/wp-content\/uploads\/2023\/06\/87D01597-1920-49B9-BE66-B999F9C97580-1152x1536.jpeg 1152w, https:\/\/tabularasa.no\/wp-content\/uploads\/2023\/06\/87D01597-1920-49B9-BE66-B999F9C97580-1536x2048.jpeg 1536w, https:\/\/tabularasa.no\/wp-content\/uploads\/2023\/06\/87D01597-1920-49B9-BE66-B999F9C97580-9x12.jpeg 9w, https:\/\/tabularasa.no\/wp-content\/uploads\/2023\/06\/87D01597-1920-49B9-BE66-B999F9C97580-scaled.jpeg 1920w\" sizes=\"auto, (max-width: 768px) 100vw, 768px\" \/><figcaption class=\"wp-element-caption\">Hopperstad stavkyrkje<\/figcaption><\/figure>\n\n\n\n<figure class=\"wp-block-image size-large\"><img loading=\"lazy\" decoding=\"async\" width=\"1024\" height=\"768\" data-id=\"1254\" src=\"http:\/\/51.21.55.173\/wp-content\/uploads\/2023\/06\/00C2A01A-F2BA-4FF1-88F3-8121D70655D7-1024x768.jpeg\" alt=\"\" class=\"wp-image-1254\" srcset=\"https:\/\/tabularasa.no\/wp-content\/uploads\/2023\/06\/00C2A01A-F2BA-4FF1-88F3-8121D70655D7-1024x768.jpeg 1024w, https:\/\/tabularasa.no\/wp-content\/uploads\/2023\/06\/00C2A01A-F2BA-4FF1-88F3-8121D70655D7-300x225.jpeg 300w, https:\/\/tabularasa.no\/wp-content\/uploads\/2023\/06\/00C2A01A-F2BA-4FF1-88F3-8121D70655D7-768x576.jpeg 768w, https:\/\/tabularasa.no\/wp-content\/uploads\/2023\/06\/00C2A01A-F2BA-4FF1-88F3-8121D70655D7-1536x1152.jpeg 1536w, https:\/\/tabularasa.no\/wp-content\/uploads\/2023\/06\/00C2A01A-F2BA-4FF1-88F3-8121D70655D7-2048x1536.jpeg 2048w, https:\/\/tabularasa.no\/wp-content\/uploads\/2023\/06\/00C2A01A-F2BA-4FF1-88F3-8121D70655D7-16x12.jpeg 16w\" sizes=\"auto, (max-width: 1024px) 100vw, 1024px\" \/><figcaption class=\"wp-element-caption\">Hopperstad stavkyrkje <\/figcaption><\/figure>\n\n\n\n<figure class=\"wp-block-image size-large\"><img loading=\"lazy\" decoding=\"async\" width=\"768\" height=\"1024\" data-id=\"1255\" src=\"http:\/\/51.21.55.173\/wp-content\/uploads\/2023\/06\/3196D358-B38C-46B3-A721-23F136DF5656-768x1024.jpeg\" alt=\"\" class=\"wp-image-1255\" srcset=\"https:\/\/tabularasa.no\/wp-content\/uploads\/2023\/06\/3196D358-B38C-46B3-A721-23F136DF5656-768x1024.jpeg 768w, https:\/\/tabularasa.no\/wp-content\/uploads\/2023\/06\/3196D358-B38C-46B3-A721-23F136DF5656-225x300.jpeg 225w, https:\/\/tabularasa.no\/wp-content\/uploads\/2023\/06\/3196D358-B38C-46B3-A721-23F136DF5656-1152x1536.jpeg 1152w, https:\/\/tabularasa.no\/wp-content\/uploads\/2023\/06\/3196D358-B38C-46B3-A721-23F136DF5656-1536x2048.jpeg 1536w, https:\/\/tabularasa.no\/wp-content\/uploads\/2023\/06\/3196D358-B38C-46B3-A721-23F136DF5656-9x12.jpeg 9w, https:\/\/tabularasa.no\/wp-content\/uploads\/2023\/06\/3196D358-B38C-46B3-A721-23F136DF5656-scaled.jpeg 1920w\" sizes=\"auto, (max-width: 768px) 100vw, 768px\" \/><figcaption class=\"wp-element-caption\">Borgund stavkyrkje<\/figcaption><\/figure>\n\n\n\n<figure class=\"wp-block-image size-full\"><img loading=\"lazy\" decoding=\"async\" width=\"720\" height=\"960\" data-id=\"1257\" src=\"http:\/\/51.21.55.173\/wp-content\/uploads\/2023\/06\/4C258A29-2063-4555-BE45-A638EC0D75DD.jpeg\" alt=\"\" class=\"wp-image-1257\" srcset=\"https:\/\/tabularasa.no\/wp-content\/uploads\/2023\/06\/4C258A29-2063-4555-BE45-A638EC0D75DD.jpeg 720w, https:\/\/tabularasa.no\/wp-content\/uploads\/2023\/06\/4C258A29-2063-4555-BE45-A638EC0D75DD-225x300.jpeg 225w, https:\/\/tabularasa.no\/wp-content\/uploads\/2023\/06\/4C258A29-2063-4555-BE45-A638EC0D75DD-9x12.jpeg 9w\" sizes=\"auto, (max-width: 720px) 100vw, 720px\" \/><figcaption class=\"wp-element-caption\">Borgund stavkyrkje<\/figcaption><\/figure>\n<figcaption class=\"blocks-gallery-caption wp-element-caption\">Turn\u00e9 juni 2023 <\/figcaption><\/figure>\n\n\n\n<p>Konserten er st\u00f8ttet av Kulturr\u00e5det, Fond for ut\u00f8vende kunstnere, Det norske komponistfond, L\u00e6rdal kommune, Bergen kommune og Vestland fylkeskommune.<\/p>","protected":false},"excerpt":{"rendered":"<p>Stavkyrkjesong er et samarbeid mellom komponist Jostein Avdem Fretland, vokalensemblet Tabula Rasa og scenograf Matias Askvik. Prosjektet presenteres i kirker i L\u00e6rdal, Kaupanger, Vik og Bergen. Alle disse kirkene er fra middelalderen, og de fleste er fortsatt i aktiv bruk i dag. Fortid, n\u00e5tid og &hellip; <a href=\"https:\/\/tabularasa.no\/en\/stavkyrkjesong\/\" class=\"more-link\"><span>Continue reading<span class=\"screen-reader-text\">STAVKYRKJESONG<\/span><\/span><\/a><\/p>","protected":false},"author":3,"featured_media":0,"parent":0,"menu_order":0,"comment_status":"closed","ping_status":"closed","template":"","meta":{"_monsterinsights_skip_tracking":false,"_monsterinsights_sitenote_active":false,"_monsterinsights_sitenote_note":"","_monsterinsights_sitenote_category":0,"footnotes":""},"class_list":["post-603","page","type-page","status-publish","hentry"],"aioseo_notices":[],"_links":{"self":[{"href":"https:\/\/tabularasa.no\/en\/wp-json\/wp\/v2\/pages\/603","targetHints":{"allow":["GET"]}}],"collection":[{"href":"https:\/\/tabularasa.no\/en\/wp-json\/wp\/v2\/pages"}],"about":[{"href":"https:\/\/tabularasa.no\/en\/wp-json\/wp\/v2\/types\/page"}],"author":[{"embeddable":true,"href":"https:\/\/tabularasa.no\/en\/wp-json\/wp\/v2\/users\/3"}],"replies":[{"embeddable":true,"href":"https:\/\/tabularasa.no\/en\/wp-json\/wp\/v2\/comments?post=603"}],"version-history":[{"count":18,"href":"https:\/\/tabularasa.no\/en\/wp-json\/wp\/v2\/pages\/603\/revisions"}],"predecessor-version":[{"id":1471,"href":"https:\/\/tabularasa.no\/en\/wp-json\/wp\/v2\/pages\/603\/revisions\/1471"}],"wp:attachment":[{"href":"https:\/\/tabularasa.no\/en\/wp-json\/wp\/v2\/media?parent=603"}],"curies":[{"name":"wp","href":"https:\/\/api.w.org\/{rel}","templated":true}]}}