{"id":684,"date":"2020-11-07T13:17:26","date_gmt":"2020-11-07T12:17:26","guid":{"rendered":"http:\/\/51.21.55.173\/?page_id=684"},"modified":"2025-08-27T00:03:09","modified_gmt":"2025-08-26T23:03:09","slug":"tid","status":"publish","type":"page","link":"https:\/\/tabularasa.no\/en\/tid\/","title":{"rendered":"TID"},"content":{"rendered":"<figure class=\"wp-block-image size-large\"><img loading=\"lazy\" decoding=\"async\" width=\"715\" height=\"1024\" src=\"https:\/\/www.tabularasa.no\/wp-content\/uploads\/2025\/08\/IMG_4822-2-715x1024.jpeg\" alt=\"\" class=\"wp-image-1543\" srcset=\"https:\/\/tabularasa.no\/wp-content\/uploads\/2025\/08\/IMG_4822-2-715x1024.jpeg 715w, https:\/\/tabularasa.no\/wp-content\/uploads\/2025\/08\/IMG_4822-2-209x300.jpeg 209w, https:\/\/tabularasa.no\/wp-content\/uploads\/2025\/08\/IMG_4822-2-768x1100.jpeg 768w, https:\/\/tabularasa.no\/wp-content\/uploads\/2025\/08\/IMG_4822-2-1072x1536.jpeg 1072w, https:\/\/tabularasa.no\/wp-content\/uploads\/2025\/08\/IMG_4822-2-8x12.jpeg 8w, https:\/\/tabularasa.no\/wp-content\/uploads\/2025\/08\/IMG_4822-2.jpeg 1170w\" sizes=\"auto, (max-width: 715px) 100vw, 715px\" \/><\/figure>\n\n\n\n<p><strong>TABULA RASA URFREMF\u00d8RER VERK AV KNUT VAAGE<\/strong><\/p>\n\n\n\n<figure class=\"wp-block-embed is-type-video is-provider-youtube wp-block-embed-youtube wp-embed-aspect-16-9 wp-has-aspect-ratio\"><div class=\"wp-block-embed__wrapper\">\n<iframe loading=\"lazy\" title=\"Knut Vaage TID\" width=\"756\" height=\"425\" src=\"https:\/\/www.youtube.com\/embed\/BcEgF0ptZw8?feature=oembed\" frameborder=\"0\" allow=\"accelerometer; autoplay; clipboard-write; encrypted-media; gyroscope; picture-in-picture; web-share\" referrerpolicy=\"strict-origin-when-cross-origin\" allowfullscreen><\/iframe>\n<\/div><\/figure>\n\n\n\n<p>TID er et bestillingsverk komponert av Knut Vaage til vokalensemblet Tabula Rasa og akkordeonist Jostein Stalheim.<\/p>\n\n\n\n<p>Stykket bygger videre p\u00e5 et samarbeid ensemblet og komponisten etablerte i 2021, der de utviklet musikalske id\u00e9er rundt temaet tid og Vaage skrev verket&nbsp;<em>Tidlaus<\/em>. Deler av dette verket er bearbeidet videre inn i TID. Evige fysiske lover styrer, og Pytagoras sine eksperimenter er stadig referanse. Enkle forholdstall lager renstemt musikk uten vibrasjon. Steiner er med som viktige rytmeinstrumenter: urgamle, men allikevel en del av menneskelig historie og n\u00e5tid. Videre blir Palestrinas&nbsp;<em>Agnus Dei&nbsp;<\/em>fra&nbsp;<em>Missa Brevis<\/em>(1570) og den Gregorianske hymnen&nbsp;<em>Da Pacem Domine<\/em>&nbsp;(Gi oss fred, Herre, i v\u00e5r tid) sitert og bearbeidet i verket. Det tekstlige materialet er sammensatt av komponisten, og er en blanding av poesi og fakta, bibel-tekster og Wikipediaartikler.&nbsp;<\/p>\n\n\n\n<p><em>Hva er tid? Hvis ingen sp\u00f8r meg, vet jeg det. Hvis noen sp\u00f8r meg, vet jeg det ikke<\/em> \u2013 Augustin av Hippo, 354 e.kr.<\/p>\n\n\n\n<p><strong>Knut Vaage<\/strong>&nbsp;er utdannet pianist og komponist fra Griegakademiet i Bergen. Vaage skriver innen flere stilarter, b\u00e5de instrumentalmusikk, opera- og teatermusikk, men med hovedvekt p\u00e5 improvisasjons- og samtidsmusikk. Han er kjent for \u00e5 utforske grensene mellom improvisasjon og komposisjon.<\/p>\n\n\n\n<p><strong>Jostein Stalheim<\/strong> er en komponist og musiker som ofte arbeider interdisipdlinert og stedsspesifikt. Han har samarbeidet med mange komponister, ut\u00f8vere og ensembler. Han arbeider n\u00e5 p\u00e5 en telematisk opera med partnere i Sverige, Tyskland og Egypt.<\/p>\n\n\n\n<p>St\u00f8ttet av Kulturr\u00e5det, Fond for ut\u00f8vende kunstnere, Komponistforeningen, Komponistfondet, MEP minnefond, Bergen kommune og Vestland fylkeskommune og Bergen Kirkeautunnale. <\/p>\n\n\n\n<figure class=\"wp-block-image size-large\"><img loading=\"lazy\" decoding=\"async\" width=\"722\" height=\"1024\" src=\"https:\/\/www.tabularasa.no\/wp-content\/uploads\/2024\/11\/TID-plakat-FB-722x1024.png\" alt=\"\" class=\"wp-image-1405\" srcset=\"https:\/\/tabularasa.no\/wp-content\/uploads\/2024\/11\/TID-plakat-FB-722x1024.png 722w, https:\/\/tabularasa.no\/wp-content\/uploads\/2024\/11\/TID-plakat-FB-212x300.png 212w, https:\/\/tabularasa.no\/wp-content\/uploads\/2024\/11\/TID-plakat-FB-768x1089.png 768w, https:\/\/tabularasa.no\/wp-content\/uploads\/2024\/11\/TID-plakat-FB-1084x1536.png 1084w, https:\/\/tabularasa.no\/wp-content\/uploads\/2024\/11\/TID-plakat-FB-8x12.png 8w, https:\/\/tabularasa.no\/wp-content\/uploads\/2024\/11\/TID-plakat-FB.png 1236w\" sizes=\"auto, (max-width: 722px) 100vw, 722px\" \/><\/figure>\n\n\n\n<p>Tidligere i prosessen: <\/p>\n\n\n\n<figure class=\"wp-block-embed is-type-video is-provider-youtube wp-block-embed-youtube wp-embed-aspect-16-9 wp-has-aspect-ratio\"><div class=\"wp-block-embed__wrapper\">\n<iframe loading=\"lazy\" title=\"TID\" width=\"756\" height=\"425\" src=\"https:\/\/www.youtube.com\/embed\/YTx4qh_L8jM?feature=oembed\" frameborder=\"0\" allow=\"accelerometer; autoplay; clipboard-write; encrypted-media; gyroscope; picture-in-picture; web-share\" referrerpolicy=\"strict-origin-when-cross-origin\" allowfullscreen><\/iframe>\n<\/div><\/figure>\n\n\n\n<figure class=\"wp-block-image size-large\"><img loading=\"lazy\" decoding=\"async\" width=\"1024\" height=\"768\" src=\"http:\/\/51.21.55.173\/wp-content\/uploads\/2021\/11\/CAA1A930-1FC6-47A2-9541-0E68FC0EFCB5-1024x768.jpeg\" alt=\"\" class=\"wp-image-950\" srcset=\"https:\/\/tabularasa.no\/wp-content\/uploads\/2021\/11\/CAA1A930-1FC6-47A2-9541-0E68FC0EFCB5-1024x768.jpeg 1024w, https:\/\/tabularasa.no\/wp-content\/uploads\/2021\/11\/CAA1A930-1FC6-47A2-9541-0E68FC0EFCB5-300x225.jpeg 300w, https:\/\/tabularasa.no\/wp-content\/uploads\/2021\/11\/CAA1A930-1FC6-47A2-9541-0E68FC0EFCB5-768x576.jpeg 768w, https:\/\/tabularasa.no\/wp-content\/uploads\/2021\/11\/CAA1A930-1FC6-47A2-9541-0E68FC0EFCB5-1536x1152.jpeg 1536w, https:\/\/tabularasa.no\/wp-content\/uploads\/2021\/11\/CAA1A930-1FC6-47A2-9541-0E68FC0EFCB5-2048x1536.jpeg 2048w, https:\/\/tabularasa.no\/wp-content\/uploads\/2021\/11\/CAA1A930-1FC6-47A2-9541-0E68FC0EFCB5-16x12.jpeg 16w\" sizes=\"auto, (max-width: 1024px) 100vw, 1024px\" \/><figcaption class=\"wp-element-caption\">KUNSTGARASJEN november 2021<\/figcaption><\/figure>\n\n\n\n<p>The project \"TID\" is a collaboration between the vocal ensemble Tabula Rasa, Jostein Stalheim (accordion), the composers Knut Vaage, Eilert T\u00f8sse and Vegar Guleng and visual artist Linda \u00d8gaard. The project examines time as a phenomenon seen from several points of view, both visually, physically and through music. What does time do to us? Can we go back in time? Is there an undo button? What about the earth's time horizon (nature, wildlife, life as we know it), how do we relate to it?&nbsp;<\/p>\n\n\n\n<figure class=\"wp-block-embed is-type-video is-provider-youtube wp-block-embed-youtube wp-embed-aspect-16-9 wp-has-aspect-ratio\"><div class=\"wp-block-embed__wrapper\">\n<iframe loading=\"lazy\" title=\"TID\" width=\"756\" height=\"425\" src=\"https:\/\/www.youtube.com\/embed\/xnaeQfpjKd4?feature=oembed\" frameborder=\"0\" allow=\"accelerometer; autoplay; clipboard-write; encrypted-media; gyroscope; picture-in-picture; web-share\" referrerpolicy=\"strict-origin-when-cross-origin\" allowfullscreen><\/iframe>\n<\/div><figcaption class=\"wp-element-caption\">Filmet av Manuel Madsen. Redigert av Sigrun J\u00f8rdre. <\/figcaption><\/figure>\n\n\n\n<blockquote class=\"wp-block-quote is-layout-flow wp-block-quote-is-layout-flow\">\n<p>Stykket startar meditativt med at songarane sl\u00e5r saman to steinar (som dei held i nevane) i kvart sitt metronomiske tempo. Steinane representerer mekanisk tid, og historisk tid. Dei er uendeleg gamle, men finst i tida. Eit anna evig fenomen (som alltid har vore der), er overtonane. Ein del av &laquo;Tidlaus&raquo; inneheld reinstemminga ut ifr\u00e5 overtonerekka fundamentert p\u00e5 overtonesang. Fysiske lover styrer, og Pytagoras sine eksperiment er stadig referanse. Enkle forholdstal lagar reinstemt musikk utan vibrasjon.<\/p>\n<cite><em>fra partituret &laquo;Tidlaus&raquo; (work in progress \/ del 1) av Knut Vaage<\/em><\/cite><\/blockquote>\n\n\n\n<p><\/p>","protected":false},"excerpt":{"rendered":"<p>TABULA RASA URFREMF\u00d8RER VERK AV KNUT VAAGE TID er et bestillingsverk komponert av Knut Vaage til vokalensemblet Tabula Rasa og akkordeonist Jostein Stalheim. Stykket bygger videre p\u00e5 et samarbeid ensemblet og komponisten etablerte i 2021, der de utviklet musikalske id\u00e9er rundt temaet tid og Vaage &hellip; <a href=\"https:\/\/tabularasa.no\/en\/tid\/\" class=\"more-link\"><span>Continue reading<span class=\"screen-reader-text\">TID<\/span><\/span><\/a><\/p>","protected":false},"author":3,"featured_media":0,"parent":0,"menu_order":0,"comment_status":"closed","ping_status":"closed","template":"","meta":{"_monsterinsights_skip_tracking":false,"_monsterinsights_sitenote_active":false,"_monsterinsights_sitenote_note":"","_monsterinsights_sitenote_category":0,"footnotes":""},"class_list":["post-684","page","type-page","status-publish","hentry"],"aioseo_notices":[],"_links":{"self":[{"href":"https:\/\/tabularasa.no\/en\/wp-json\/wp\/v2\/pages\/684","targetHints":{"allow":["GET"]}}],"collection":[{"href":"https:\/\/tabularasa.no\/en\/wp-json\/wp\/v2\/pages"}],"about":[{"href":"https:\/\/tabularasa.no\/en\/wp-json\/wp\/v2\/types\/page"}],"author":[{"embeddable":true,"href":"https:\/\/tabularasa.no\/en\/wp-json\/wp\/v2\/users\/3"}],"replies":[{"embeddable":true,"href":"https:\/\/tabularasa.no\/en\/wp-json\/wp\/v2\/comments?post=684"}],"version-history":[{"count":18,"href":"https:\/\/tabularasa.no\/en\/wp-json\/wp\/v2\/pages\/684\/revisions"}],"predecessor-version":[{"id":1544,"href":"https:\/\/tabularasa.no\/en\/wp-json\/wp\/v2\/pages\/684\/revisions\/1544"}],"wp:attachment":[{"href":"https:\/\/tabularasa.no\/en\/wp-json\/wp\/v2\/media?parent=684"}],"curies":[{"name":"wp","href":"https:\/\/api.w.org\/{rel}","templated":true}]}}