{"id":713,"date":"2021-01-24T22:50:43","date_gmt":"2021-01-24T21:50:43","guid":{"rendered":"http:\/\/51.21.55.173\/?page_id=713"},"modified":"2021-01-24T23:06:02","modified_gmt":"2021-01-24T22:06:02","slug":"disturbing-interruptions","status":"publish","type":"page","link":"https:\/\/tabularasa.no\/en\/disturbing-interruptions\/","title":{"rendered":"DISTURBING INTERRUPTIONS"},"content":{"rendered":"<figure class=\"wp-block-image size-large\"><a href=\"https:\/\/fb.watch\/3dEp48cU1I\/\"><img loading=\"lazy\" decoding=\"async\" width=\"960\" height=\"600\" src=\"http:\/\/51.21.55.173\/wp-content\/uploads\/2021\/01\/disturbing.jpg\" alt=\"\" class=\"wp-image-715\" srcset=\"https:\/\/tabularasa.no\/wp-content\/uploads\/2021\/01\/disturbing.jpg 960w, https:\/\/tabularasa.no\/wp-content\/uploads\/2021\/01\/disturbing-300x188.jpg 300w, https:\/\/tabularasa.no\/wp-content\/uploads\/2021\/01\/disturbing-768x480.jpg 768w, https:\/\/tabularasa.no\/wp-content\/uploads\/2021\/01\/disturbing-16x10.jpg 16w\" sizes=\"auto, (max-width: 960px) 100vw, 960px\" \/><\/a><\/figure>\n\n\n\n<p class=\"translation-block\"><a rel=\"noreferrer noopener\" href=\"https:\/\/fb.watch\/3dEp48cU1I\/\" target=\"_self\">Watch the recording of the live broadcast on <em>Facebook<\/em> here<\/a>.<\/p>\n\n\n\n<p>In June 2020, we presented the work \"Disturbing Interruptions\" by Tord Kalvenes. The work is written for digital conference systems and aims to present the delay that occurs in direct musical interaction between several people at the same time.<br><\/p>\n\n\n\n<p>Musical rehearsal? <br>Just a meeting? <br>Technical complications<br><br>The piece was written in March, directly inspired by the challenges the corona pandemic created with the intention to complete musical exercises. The concert was streamed live from Zoom via Facebook, directly from our six homes. <\/p>\n\n\n\n<p>Supported by Kulturr\u00e5det and Komponistforeningen<\/p>","protected":false},"excerpt":{"rendered":"<p>Se opptak av direktesendingen p\u00e5 Facebook her. Vi presenterte i juni 2020 verket &laquo;Disturbing Interruptions&raquo; av Tord Kalvenes. Verket er skrevet for digitale konferansesystem og tar i betrakting forsinkelsen som oppst\u00e5r i direkte musikalsk samhandling mellom flere samtidig. Musikalsk \u00f8ving? Bare et m\u00f8te? Tekniske komplikasjoner &hellip; <a href=\"https:\/\/tabularasa.no\/en\/disturbing-interruptions\/\" class=\"more-link\"><span>Continue reading<span class=\"screen-reader-text\">DISTURBING INTERRUPTIONS<\/span><\/span><\/a><\/p>","protected":false},"author":3,"featured_media":0,"parent":0,"menu_order":0,"comment_status":"closed","ping_status":"closed","template":"","meta":{"_monsterinsights_skip_tracking":false,"_monsterinsights_sitenote_active":false,"_monsterinsights_sitenote_note":"","_monsterinsights_sitenote_category":0,"footnotes":""},"class_list":["post-713","page","type-page","status-publish","hentry"],"aioseo_notices":[],"_links":{"self":[{"href":"https:\/\/tabularasa.no\/en\/wp-json\/wp\/v2\/pages\/713","targetHints":{"allow":["GET"]}}],"collection":[{"href":"https:\/\/tabularasa.no\/en\/wp-json\/wp\/v2\/pages"}],"about":[{"href":"https:\/\/tabularasa.no\/en\/wp-json\/wp\/v2\/types\/page"}],"author":[{"embeddable":true,"href":"https:\/\/tabularasa.no\/en\/wp-json\/wp\/v2\/users\/3"}],"replies":[{"embeddable":true,"href":"https:\/\/tabularasa.no\/en\/wp-json\/wp\/v2\/comments?post=713"}],"version-history":[{"count":9,"href":"https:\/\/tabularasa.no\/en\/wp-json\/wp\/v2\/pages\/713\/revisions"}],"predecessor-version":[{"id":725,"href":"https:\/\/tabularasa.no\/en\/wp-json\/wp\/v2\/pages\/713\/revisions\/725"}],"wp:attachment":[{"href":"https:\/\/tabularasa.no\/en\/wp-json\/wp\/v2\/media?parent=713"}],"curies":[{"name":"wp","href":"https:\/\/api.w.org\/{rel}","templated":true}]}}