{"id":834,"date":"2021-05-26T19:22:56","date_gmt":"2021-05-26T18:22:56","guid":{"rendered":"http:\/\/51.21.55.173\/?page_id=834"},"modified":"2023-03-10T12:37:50","modified_gmt":"2023-03-10T11:37:50","slug":"breakout-room","status":"publish","type":"page","link":"https:\/\/tabularasa.no\/en\/breakout-room\/","title":{"rendered":"BREAKOUT ROOM"},"content":{"rendered":"<p>Tabula Rasa improvises on the installation of visual artist <a href=\"https:\/\/www.logaard.no\/\">Linda \u00d8gaard<\/a>. <\/p>\n\n\n\n<div class=\"wp-block-jetpack-slideshow aligncenter\" data-effect=\"slide\"><div class=\"wp-block-jetpack-slideshow_container swiper-container\"><ul class=\"wp-block-jetpack-slideshow_swiper-wrapper swiper-wrapper\"><li class=\"wp-block-jetpack-slideshow_slide swiper-slide\"><figure><img loading=\"lazy\" decoding=\"async\" width=\"1024\" height=\"768\" alt=\"\" class=\"wp-block-jetpack-slideshow_image wp-image-850\" data-id=\"850\" src=\"http:\/\/51.21.55.173\/wp-content\/uploads\/2021\/05\/81737635-2F99-47B5-9271-7CF6AC18E76D-1024x768.jpeg\" srcset=\"https:\/\/tabularasa.no\/wp-content\/uploads\/2021\/05\/81737635-2F99-47B5-9271-7CF6AC18E76D-1024x768.jpeg 1024w, https:\/\/tabularasa.no\/wp-content\/uploads\/2021\/05\/81737635-2F99-47B5-9271-7CF6AC18E76D-300x225.jpeg 300w, https:\/\/tabularasa.no\/wp-content\/uploads\/2021\/05\/81737635-2F99-47B5-9271-7CF6AC18E76D-768x576.jpeg 768w, https:\/\/tabularasa.no\/wp-content\/uploads\/2021\/05\/81737635-2F99-47B5-9271-7CF6AC18E76D-1536x1152.jpeg 1536w, https:\/\/tabularasa.no\/wp-content\/uploads\/2021\/05\/81737635-2F99-47B5-9271-7CF6AC18E76D-2048x1536.jpeg 2048w, https:\/\/tabularasa.no\/wp-content\/uploads\/2021\/05\/81737635-2F99-47B5-9271-7CF6AC18E76D-16x12.jpeg 16w\" sizes=\"auto, (max-width: 1024px) 100vw, 1024px\" \/><\/figure><\/li><li class=\"wp-block-jetpack-slideshow_slide swiper-slide\"><figure><img loading=\"lazy\" decoding=\"async\" width=\"1024\" height=\"768\" alt=\"\" class=\"wp-block-jetpack-slideshow_image wp-image-851\" data-id=\"851\" src=\"http:\/\/51.21.55.173\/wp-content\/uploads\/2021\/05\/D9D29874-4044-4A59-9750-B13C95FD5F0F-1024x768.jpeg\" srcset=\"https:\/\/tabularasa.no\/wp-content\/uploads\/2021\/05\/D9D29874-4044-4A59-9750-B13C95FD5F0F-1024x768.jpeg 1024w, https:\/\/tabularasa.no\/wp-content\/uploads\/2021\/05\/D9D29874-4044-4A59-9750-B13C95FD5F0F-300x225.jpeg 300w, https:\/\/tabularasa.no\/wp-content\/uploads\/2021\/05\/D9D29874-4044-4A59-9750-B13C95FD5F0F-768x576.jpeg 768w, https:\/\/tabularasa.no\/wp-content\/uploads\/2021\/05\/D9D29874-4044-4A59-9750-B13C95FD5F0F-1536x1152.jpeg 1536w, https:\/\/tabularasa.no\/wp-content\/uploads\/2021\/05\/D9D29874-4044-4A59-9750-B13C95FD5F0F-2048x1536.jpeg 2048w, https:\/\/tabularasa.no\/wp-content\/uploads\/2021\/05\/D9D29874-4044-4A59-9750-B13C95FD5F0F-16x12.jpeg 16w\" sizes=\"auto, (max-width: 1024px) 100vw, 1024px\" \/><\/figure><\/li><li class=\"wp-block-jetpack-slideshow_slide swiper-slide\"><figure><img loading=\"lazy\" decoding=\"async\" width=\"720\" height=\"960\" alt=\"\" class=\"wp-block-jetpack-slideshow_image wp-image-861\" data-id=\"861\" src=\"http:\/\/51.21.55.173\/wp-content\/uploads\/2021\/06\/D94D92A9-F33D-46D2-9E43-5C52269E602A.jpeg\" srcset=\"https:\/\/tabularasa.no\/wp-content\/uploads\/2021\/06\/D94D92A9-F33D-46D2-9E43-5C52269E602A.jpeg 720w, https:\/\/tabularasa.no\/wp-content\/uploads\/2021\/06\/D94D92A9-F33D-46D2-9E43-5C52269E602A-225x300.jpeg 225w, https:\/\/tabularasa.no\/wp-content\/uploads\/2021\/06\/D94D92A9-F33D-46D2-9E43-5C52269E602A-9x12.jpeg 9w\" sizes=\"auto, (max-width: 720px) 100vw, 720px\" \/><\/figure><\/li><\/ul><a class=\"wp-block-jetpack-slideshow_button-prev swiper-button-prev swiper-button-white\" role=\"button\"><\/a><a class=\"wp-block-jetpack-slideshow_button-next swiper-button-next swiper-button-white\" role=\"button\"><\/a><a aria-label=\"Pause Slideshow\" class=\"wp-block-jetpack-slideshow_button-pause\" role=\"button\"><\/a><div class=\"wp-block-jetpack-slideshow_pagination swiper-pagination swiper-pagination-white\"><\/div><\/div><\/div>\n\n\n\n<p>On the last day of the exhibition, Tabula Rasa performed. Through a 3-hour session, where the audience came and went in small groups, the vocal ensemble performed their interpretation of the exhibition. The five singers had each chosen their work, which was used as a kind of graphic score. As the various works work together in the room, the singers also interacted with each other both physically and musically. The singers' improvisations spanned a wide range and embodied everything from play and wonder to desperation and breakdown.<\/p>\n\n\n\n<p>At an early stage in the planning of the exhibition, Tabula Rasa was invited to participate in the exhibition and the performance was planned in close collaboration with the visual artist. Their performance substantiated and clarified the exhibition's themes and purpose. Curator Kamilla Sajetz Mathisen writes in her text \"The contrasts are central to Linda \u00d8gaard's installations: The soft body meets hard architecture, the interior is reflected in the exterior\" and \u00abThe absence of tactility, tangibility and closeness, the absence of body and place that we have all known, meets its counterpart in \u00d8gaard's installation. The viewer's movements in the work provide a phenomenological experience of it, where form and meaning are shifted from the viewer's position, both the outer and the inner\u00bb. When Tabula Rasa appears in the room, it is the viewers who themselves are regarded. They are the soft bodies of the hard architecture. They are the individuals who in very different ways take part in what is around them. <br>Text from https:\/\/www.logaard.no\/<a rel=\"noreferrer noopener\" href=\"https:\/\/www.logaard.no\/breakout-room\" target=\"_blank\">breakout<\/a>-room) <\/p>\n\n\n\n<figure class=\"wp-block-embed-wordpress wp-block-embed is-type-wp-embed is-provider-oseana\"><div class=\"wp-block-embed__wrapper\">\n<blockquote class=\"wp-embedded-content\" data-secret=\"MSQjjvA1ND\"><a href=\"https:\/\/www.oseana.no\/tabularasa\/\">Tabula Rasa<\/a><\/blockquote><iframe loading=\"lazy\" class=\"wp-embedded-content\" sandbox=\"allow-scripts\" security=\"restricted\" style=\"position: absolute; clip: rect(1px, 1px, 1px, 1px);\" title=\"&laquo;Tabula Rasa&raquo; &#8212; Oseana\" src=\"https:\/\/www.oseana.no\/tabularasa\/embed\/#?secret=MSQjjvA1ND\" data-secret=\"MSQjjvA1ND\" width=\"600\" height=\"338\" frameborder=\"0\" marginwidth=\"0\" marginheight=\"0\" scrolling=\"no\"><\/iframe>\n<\/div><\/figure>","protected":false},"excerpt":{"rendered":"<p>Tabula Rasa improviserer over installasjon av billedkunstner Linda \u00d8gaard. P\u00e5 utstillingens siste dag inntok Tabula Rasa utstillingen. Gjennom en 3 timer lang \u00f8kt, hvor publikum kom og gikk i sm\u00e5 grupper, fremf\u00f8rte vokalensemblet sin tolkning av utstillingen. De fem akt\u00f8rene hadde valgt hver sitt verk &hellip; <a href=\"https:\/\/tabularasa.no\/en\/breakout-room\/\" class=\"more-link\"><span>Continue reading<span class=\"screen-reader-text\">BREAKOUT ROOM<\/span><\/span><\/a><\/p>","protected":false},"author":3,"featured_media":0,"parent":0,"menu_order":0,"comment_status":"closed","ping_status":"closed","template":"","meta":{"_monsterinsights_skip_tracking":false,"_monsterinsights_sitenote_active":false,"_monsterinsights_sitenote_note":"","_monsterinsights_sitenote_category":0,"footnotes":""},"class_list":["post-834","page","type-page","status-publish","hentry"],"aioseo_notices":[],"_links":{"self":[{"href":"https:\/\/tabularasa.no\/en\/wp-json\/wp\/v2\/pages\/834","targetHints":{"allow":["GET"]}}],"collection":[{"href":"https:\/\/tabularasa.no\/en\/wp-json\/wp\/v2\/pages"}],"about":[{"href":"https:\/\/tabularasa.no\/en\/wp-json\/wp\/v2\/types\/page"}],"author":[{"embeddable":true,"href":"https:\/\/tabularasa.no\/en\/wp-json\/wp\/v2\/users\/3"}],"replies":[{"embeddable":true,"href":"https:\/\/tabularasa.no\/en\/wp-json\/wp\/v2\/comments?post=834"}],"version-history":[{"count":13,"href":"https:\/\/tabularasa.no\/en\/wp-json\/wp\/v2\/pages\/834\/revisions"}],"predecessor-version":[{"id":1179,"href":"https:\/\/tabularasa.no\/en\/wp-json\/wp\/v2\/pages\/834\/revisions\/1179"}],"wp:attachment":[{"href":"https:\/\/tabularasa.no\/en\/wp-json\/wp\/v2\/media?parent=834"}],"curies":[{"name":"wp","href":"https:\/\/api.w.org\/{rel}","templated":true}]}}